{"id":3577,"date":"2025-01-29T17:37:39","date_gmt":"2025-01-29T17:37:39","guid":{"rendered":"https:\/\/nueva.hvdes.com\/nueva\/?post_type=product&#038;p=3577"},"modified":"2025-01-29T17:46:33","modified_gmt":"2025-01-29T17:46:33","slug":"shampoo-brillo-250ml","status":"publish","type":"product","link":"https:\/\/nueva.hvdes.com\/nueva\/producto\/shampoo-brillo-250ml\/","title":{"rendered":"SHAMPOO BRILLO 250ML"},"content":{"rendered":"<div class=\"description\">\n<div class=\"productDescription\">\n<div class=\"description\">\n<div class=\"productDescription\">\n<p><b>SHAMPOO BRILLO 250ML<\/b><\/p>\n<p>\u00abBrillo shampoo es un producto vers\u00e1til y eficaz dise\u00f1ado para proporcionar una limpieza profunda y completa del pelaje en una variedad de animales, incluyendo perros, gatos, bovinos y equinos. Este shampoo act\u00faa como desodorante, antis\u00e9ptico y acondicionador, gracias a su formulaci\u00f3n medicada con propiedades bactericidas y fungicidas. Se caracteriza por su capacidad para prevenir infecciones cut\u00e1neas y deja el pelaje con un brillo y suavidad excepcionales, mientras que un agradable aroma perdura en su piel.<span style=\"font-size: 16px;\">\u00ab<\/span><\/p>\n<\/div>\n<\/div>\n<\/div>\n<\/div>\n<h2 class=\"ui-pdp-description__title\" data-testid=\"title\"><\/h2>\n<p class=\"ui-pdp-description__content\" data-testid=\"content\">\n","protected":false},"excerpt":{"rendered":"<table class=\"group Especificaciones\" style=\"height: 212px;\" width=\"1843\" cellspacing=\"0\">\n<tbody>\n<tr class=\"even\">\n<th class=\"name-field Marca\">Marca<\/th>\n<td class=\"value-field Marca\">Brillo<\/td>\n<\/tr>\n<tr>\n<th class=\"name-field Incluye\">Incluye<\/th>\n<td class=\"value-field Incluye\">1 shampoo<\/td>\n<\/tr>\n<tr class=\"even\">\n<th class=\"name-field Nota\">Nota<\/th>\n<td class=\"value-field Nota\">Color puede variar dependiendo del monitor que se observe.<\/td>\n<\/tr>\n<tr>\n<th class=\"name-field Uso\">Uso<\/th>\n<td class=\"value-field Uso\">Aseo<\/td>\n<\/tr>\n<\/tbody>\n<\/table>\n","protected":false},"featured_media":3578,"comment_status":"open","ping_status":"closed","template":"","meta":{"_uag_custom_page_level_css":"","site-sidebar-layout":"default","site-content-layout":"","ast-site-content-layout":"default","site-content-style":"default","site-sidebar-style":"default","ast-global-header-display":"","ast-banner-title-visibility":"","ast-main-header-display":"","ast-hfb-above-header-display":"","ast-hfb-below-header-display":"","ast-hfb-mobile-header-display":"","site-post-title":"","ast-breadcrumbs-content":"","ast-featured-img":"","footer-sml-layout":"","theme-transparent-header-meta":"default","adv-header-id-meta":"","stick-header-meta":"","header-above-stick-meta":"","header-main-stick-meta":"","header-below-stick-meta":"","astra-migrate-meta-layouts":"set","ast-page-background-enabled":"default","ast-page-background-meta":{"desktop":{"background-color":"var(--ast-global-color-4)","background-image":"","background-repeat":"repeat","background-position":"center center","background-size":"auto","background-attachment":"scroll","background-type":"","background-media":"","overlay-type":"","overlay-color":"","overlay-opacity":"","overlay-gradient":""},"tablet":{"background-color":"","background-image":"","background-repeat":"repeat","background-position":"center center","background-size":"auto","background-attachment":"scroll","background-type":"","background-media":"","overlay-type":"","overlay-color":"","overlay-opacity":"","overlay-gradient":""},"mobile":{"background-color":"","background-image":"","background-repeat":"repeat","background-position":"center center","background-size":"auto","background-attachment":"scroll","background-type":"","background-media":"","overlay-type":"","overlay-color":"","overlay-opacity":"","overlay-gradient":""}},"ast-content-background-meta":{"desktop":{"background-color":"var(--ast-global-color-5)","background-image":"","background-repeat":"repeat","background-position":"center center","background-size":"auto","background-attachment":"scroll","background-type":"","background-media":"","overlay-type":"","overlay-color":"","overlay-opacity":"","overlay-gradient":""},"tablet":{"background-color":"var(--ast-global-color-5)","background-image":"","background-repeat":"repeat","background-position":"center center","background-size":"auto","background-attachment":"scroll","background-type":"","background-media":"","overlay-type":"","overlay-color":"","overlay-opacity":"","overlay-gradient":""},"mobile":{"background-color":"var(--ast-global-color-5)","background-image":"","background-repeat":"repeat","background-position":"center center","background-size":"auto","background-attachment":"scroll","background-type":"","background-media":"","overlay-type":"","overlay-color":"","overlay-opacity":"","overlay-gradient":""}}},"product_brand":[],"product_cat":[135,141,24],"product_tag":[],"class_list":{"0":"post-3577","1":"product","2":"type-product","3":"status-publish","4":"has-post-thumbnail","6":"product_cat-aseo-para-perros","7":"product_cat-shampo-y-acondicionadores-para-perros","8":"product_cat-sin-categorizar","9":"desktop-align-left","10":"tablet-align-left","11":"mobile-align-left","13":"first","14":"instock","15":"downloadable","16":"shipping-taxable","17":"purchasable","18":"product-type-simple"},"yoast_head":"<!-- This site is optimized with the Yoast SEO Premium plugin v24.3 (Yoast SEO v24.3) - https:\/\/yoast.com\/wordpress\/plugins\/seo\/ -->\n<title>SHAMPOO BRILLO 250ML - Hospital Veterinario Sinai<\/title>\n<meta name=\"description\" content=\"Brillo shampoo es un producto vers\u00e1til y eficaz dise\u00f1ado para proporcionar una limpieza profunda y completa del pelaje en una variedad de animales\" \/>\n<meta name=\"robots\" content=\"index, follow, max-snippet:-1, max-image-preview:large, max-video-preview:-1\" \/>\n<link rel=\"canonical\" href=\"https:\/\/nueva.hvdes.com\/nueva\/producto\/shampoo-brillo-250ml\/\" \/>\n<meta property=\"og:locale\" content=\"es_ES\" \/>\n<meta property=\"og:type\" content=\"article\" \/>\n<meta property=\"og:title\" content=\"SHAMPOO BRILLO 250ML\" \/>\n<meta property=\"og:description\" content=\"Brillo shampoo es un producto vers\u00e1til y eficaz dise\u00f1ado para proporcionar una limpieza profunda y completa del pelaje en una variedad de animales\" \/>\n<meta property=\"og:url\" content=\"https:\/\/nueva.hvdes.com\/nueva\/producto\/shampoo-brillo-250ml\/\" \/>\n<meta property=\"og:site_name\" content=\"Hospital Veterinario Sinai\" \/>\n<meta property=\"article:modified_time\" content=\"2025-01-29T17:46:33+00:00\" \/>\n<meta property=\"og:image\" content=\"https:\/\/nueva.hvdes.com\/nueva\/wp-content\/uploads\/2025\/01\/SHAMPOO-BRILLO-250ML.jpg\" \/>\n\t<meta property=\"og:image:width\" content=\"1500\" \/>\n\t<meta property=\"og:image:height\" content=\"1500\" \/>\n\t<meta property=\"og:image:type\" content=\"image\/jpeg\" \/>\n<meta name=\"twitter:card\" content=\"summary_large_image\" \/>\n<meta name=\"twitter:label1\" content=\"Tiempo de lectura\" \/>\n\t<meta name=\"twitter:data1\" content=\"1 minuto\" \/>\n<script type=\"application\/ld+json\" class=\"yoast-schema-graph\">{\"@context\":\"https:\/\/schema.org\",\"@graph\":[{\"@type\":\"WebPage\",\"@id\":\"https:\/\/nueva.hvdes.com\/nueva\/producto\/shampoo-brillo-250ml\/\",\"url\":\"https:\/\/nueva.hvdes.com\/nueva\/producto\/shampoo-brillo-250ml\/\",\"name\":\"SHAMPOO BRILLO 250ML - Hospital Veterinario Sinai\",\"isPartOf\":{\"@id\":\"https:\/\/nueva.hvdes.com\/nueva\/#website\"},\"primaryImageOfPage\":{\"@id\":\"https:\/\/nueva.hvdes.com\/nueva\/producto\/shampoo-brillo-250ml\/#primaryimage\"},\"image\":{\"@id\":\"https:\/\/nueva.hvdes.com\/nueva\/producto\/shampoo-brillo-250ml\/#primaryimage\"},\"thumbnailUrl\":\"https:\/\/nueva.hvdes.com\/nueva\/wp-content\/uploads\/2025\/01\/SHAMPOO-BRILLO-250ML.jpg\",\"datePublished\":\"2025-01-29T17:37:39+00:00\",\"dateModified\":\"2025-01-29T17:46:33+00:00\",\"description\":\"Brillo shampoo es un producto vers\u00e1til y eficaz dise\u00f1ado para proporcionar una limpieza profunda y completa del pelaje en una variedad de animales\",\"breadcrumb\":{\"@id\":\"https:\/\/nueva.hvdes.com\/nueva\/producto\/shampoo-brillo-250ml\/#breadcrumb\"},\"inLanguage\":\"es\",\"potentialAction\":[{\"@type\":\"ReadAction\",\"target\":[\"https:\/\/nueva.hvdes.com\/nueva\/producto\/shampoo-brillo-250ml\/\"]}]},{\"@type\":\"ImageObject\",\"inLanguage\":\"es\",\"@id\":\"https:\/\/nueva.hvdes.com\/nueva\/producto\/shampoo-brillo-250ml\/#primaryimage\",\"url\":\"https:\/\/nueva.hvdes.com\/nueva\/wp-content\/uploads\/2025\/01\/SHAMPOO-BRILLO-250ML.jpg\",\"contentUrl\":\"https:\/\/nueva.hvdes.com\/nueva\/wp-content\/uploads\/2025\/01\/SHAMPOO-BRILLO-250ML.jpg\",\"width\":1500,\"height\":1500,\"caption\":\"\\\"Champ\u00fa Brillo 250ml para mascotas, ideal para un pelaje suave y brillante.\\\"\"},{\"@type\":\"BreadcrumbList\",\"@id\":\"https:\/\/nueva.hvdes.com\/nueva\/producto\/shampoo-brillo-250ml\/#breadcrumb\",\"itemListElement\":[{\"@type\":\"ListItem\",\"position\":1,\"name\":\"Portada\",\"item\":\"https:\/\/nueva.hvdes.com\/nueva\/\"},{\"@type\":\"ListItem\",\"position\":2,\"name\":\"Tienda Perros\",\"item\":\"https:\/\/nueva.hvdes.com\/nueva\/tienda\/\"},{\"@type\":\"ListItem\",\"position\":3,\"name\":\"SHAMPOO BRILLO 250ML\"}]},{\"@type\":\"WebSite\",\"@id\":\"https:\/\/nueva.hvdes.com\/nueva\/#website\",\"url\":\"https:\/\/nueva.hvdes.com\/nueva\/\",\"name\":\"Hospital Veterinario Sinai\",\"description\":\"\",\"publisher\":{\"@id\":\"https:\/\/nueva.hvdes.com\/nueva\/#organization\"},\"potentialAction\":[{\"@type\":\"SearchAction\",\"target\":{\"@type\":\"EntryPoint\",\"urlTemplate\":\"https:\/\/nueva.hvdes.com\/nueva\/?s={search_term_string}\"},\"query-input\":{\"@type\":\"PropertyValueSpecification\",\"valueRequired\":true,\"valueName\":\"search_term_string\"}}],\"inLanguage\":\"es\"},{\"@type\":\"Organization\",\"@id\":\"https:\/\/nueva.hvdes.com\/nueva\/#organization\",\"name\":\"Hospital Veterinario Sinai\",\"url\":\"https:\/\/nueva.hvdes.com\/nueva\/\",\"logo\":{\"@type\":\"ImageObject\",\"inLanguage\":\"es\",\"@id\":\"https:\/\/nueva.hvdes.com\/nueva\/#\/schema\/logo\/image\/\",\"url\":\"https:\/\/nueva.hvdes.com\/nueva\/wp-content\/uploads\/2024\/02\/LOGO-HVDES-PNG-1.png\",\"contentUrl\":\"https:\/\/nueva.hvdes.com\/nueva\/wp-content\/uploads\/2024\/02\/LOGO-HVDES-PNG-1.png\",\"width\":1920,\"height\":418,\"caption\":\"Hospital Veterinario Sinai\"},\"image\":{\"@id\":\"https:\/\/nueva.hvdes.com\/nueva\/#\/schema\/logo\/image\/\"}}]}<\/script>\n<!-- \/ Yoast SEO Premium plugin. -->","yoast_head_json":{"title":"SHAMPOO BRILLO 250ML - Hospital Veterinario Sinai","description":"Brillo shampoo es un producto vers\u00e1til y eficaz dise\u00f1ado para proporcionar una limpieza profunda y completa del pelaje en una variedad de animales","robots":{"index":"index","follow":"follow","max-snippet":"max-snippet:-1","max-image-preview":"max-image-preview:large","max-video-preview":"max-video-preview:-1"},"canonical":"https:\/\/nueva.hvdes.com\/nueva\/producto\/shampoo-brillo-250ml\/","og_locale":"es_ES","og_type":"article","og_title":"SHAMPOO BRILLO 250ML","og_description":"Brillo shampoo es un producto vers\u00e1til y eficaz dise\u00f1ado para proporcionar una limpieza profunda y completa del pelaje en una variedad de animales","og_url":"https:\/\/nueva.hvdes.com\/nueva\/producto\/shampoo-brillo-250ml\/","og_site_name":"Hospital Veterinario Sinai","article_modified_time":"2025-01-29T17:46:33+00:00","og_image":[{"width":1500,"height":1500,"url":"https:\/\/nueva.hvdes.com\/nueva\/wp-content\/uploads\/2025\/01\/SHAMPOO-BRILLO-250ML.jpg","type":"image\/jpeg"}],"twitter_card":"summary_large_image","twitter_misc":{"Tiempo de lectura":"1 minuto"},"schema":{"@context":"https:\/\/schema.org","@graph":[{"@type":"WebPage","@id":"https:\/\/nueva.hvdes.com\/nueva\/producto\/shampoo-brillo-250ml\/","url":"https:\/\/nueva.hvdes.com\/nueva\/producto\/shampoo-brillo-250ml\/","name":"SHAMPOO BRILLO 250ML - Hospital Veterinario Sinai","isPartOf":{"@id":"https:\/\/nueva.hvdes.com\/nueva\/#website"},"primaryImageOfPage":{"@id":"https:\/\/nueva.hvdes.com\/nueva\/producto\/shampoo-brillo-250ml\/#primaryimage"},"image":{"@id":"https:\/\/nueva.hvdes.com\/nueva\/producto\/shampoo-brillo-250ml\/#primaryimage"},"thumbnailUrl":"https:\/\/nueva.hvdes.com\/nueva\/wp-content\/uploads\/2025\/01\/SHAMPOO-BRILLO-250ML.jpg","datePublished":"2025-01-29T17:37:39+00:00","dateModified":"2025-01-29T17:46:33+00:00","description":"Brillo shampoo es un producto vers\u00e1til y eficaz dise\u00f1ado para proporcionar una limpieza profunda y completa del pelaje en una variedad de animales","breadcrumb":{"@id":"https:\/\/nueva.hvdes.com\/nueva\/producto\/shampoo-brillo-250ml\/#breadcrumb"},"inLanguage":"es","potentialAction":[{"@type":"ReadAction","target":["https:\/\/nueva.hvdes.com\/nueva\/producto\/shampoo-brillo-250ml\/"]}]},{"@type":"ImageObject","inLanguage":"es","@id":"https:\/\/nueva.hvdes.com\/nueva\/producto\/shampoo-brillo-250ml\/#primaryimage","url":"https:\/\/nueva.hvdes.com\/nueva\/wp-content\/uploads\/2025\/01\/SHAMPOO-BRILLO-250ML.jpg","contentUrl":"https:\/\/nueva.hvdes.com\/nueva\/wp-content\/uploads\/2025\/01\/SHAMPOO-BRILLO-250ML.jpg","width":1500,"height":1500,"caption":"\"Champ\u00fa Brillo 250ml para mascotas, ideal para un pelaje suave y brillante.\""},{"@type":"BreadcrumbList","@id":"https:\/\/nueva.hvdes.com\/nueva\/producto\/shampoo-brillo-250ml\/#breadcrumb","itemListElement":[{"@type":"ListItem","position":1,"name":"Portada","item":"https:\/\/nueva.hvdes.com\/nueva\/"},{"@type":"ListItem","position":2,"name":"Tienda Perros","item":"https:\/\/nueva.hvdes.com\/nueva\/tienda\/"},{"@type":"ListItem","position":3,"name":"SHAMPOO BRILLO 250ML"}]},{"@type":"WebSite","@id":"https:\/\/nueva.hvdes.com\/nueva\/#website","url":"https:\/\/nueva.hvdes.com\/nueva\/","name":"Hospital Veterinario Sinai","description":"","publisher":{"@id":"https:\/\/nueva.hvdes.com\/nueva\/#organization"},"potentialAction":[{"@type":"SearchAction","target":{"@type":"EntryPoint","urlTemplate":"https:\/\/nueva.hvdes.com\/nueva\/?s={search_term_string}"},"query-input":{"@type":"PropertyValueSpecification","valueRequired":true,"valueName":"search_term_string"}}],"inLanguage":"es"},{"@type":"Organization","@id":"https:\/\/nueva.hvdes.com\/nueva\/#organization","name":"Hospital Veterinario Sinai","url":"https:\/\/nueva.hvdes.com\/nueva\/","logo":{"@type":"ImageObject","inLanguage":"es","@id":"https:\/\/nueva.hvdes.com\/nueva\/#\/schema\/logo\/image\/","url":"https:\/\/nueva.hvdes.com\/nueva\/wp-content\/uploads\/2024\/02\/LOGO-HVDES-PNG-1.png","contentUrl":"https:\/\/nueva.hvdes.com\/nueva\/wp-content\/uploads\/2024\/02\/LOGO-HVDES-PNG-1.png","width":1920,"height":418,"caption":"Hospital Veterinario Sinai"},"image":{"@id":"https:\/\/nueva.hvdes.com\/nueva\/#\/schema\/logo\/image\/"}}]}},"uagb_featured_image_src":{"full":["https:\/\/nueva.hvdes.com\/nueva\/wp-content\/uploads\/2025\/01\/SHAMPOO-BRILLO-250ML.jpg",1500,1500,false],"thumbnail":["https:\/\/nueva.hvdes.com\/nueva\/wp-content\/uploads\/2025\/01\/SHAMPOO-BRILLO-250ML-150x150.jpg",150,150,true],"medium":["https:\/\/nueva.hvdes.com\/nueva\/wp-content\/uploads\/2025\/01\/SHAMPOO-BRILLO-250ML-300x300.jpg",300,300,true],"medium_large":["https:\/\/nueva.hvdes.com\/nueva\/wp-content\/uploads\/2025\/01\/SHAMPOO-BRILLO-250ML-768x768.jpg",768,768,true],"large":["https:\/\/nueva.hvdes.com\/nueva\/wp-content\/uploads\/2025\/01\/SHAMPOO-BRILLO-250ML-1024x1024.jpg",1024,1024,true],"1536x1536":["https:\/\/nueva.hvdes.com\/nueva\/wp-content\/uploads\/2025\/01\/SHAMPOO-BRILLO-250ML.jpg",1500,1500,false],"2048x2048":["https:\/\/nueva.hvdes.com\/nueva\/wp-content\/uploads\/2025\/01\/SHAMPOO-BRILLO-250ML.jpg",1500,1500,false],"woocommerce_thumbnail":["https:\/\/nueva.hvdes.com\/nueva\/wp-content\/uploads\/2025\/01\/SHAMPOO-BRILLO-250ML-300x300.jpg",300,300,true],"woocommerce_single":["https:\/\/nueva.hvdes.com\/nueva\/wp-content\/uploads\/2025\/01\/SHAMPOO-BRILLO-250ML-600x600.jpg",600,600,true],"woocommerce_gallery_thumbnail":["https:\/\/nueva.hvdes.com\/nueva\/wp-content\/uploads\/2025\/01\/SHAMPOO-BRILLO-250ML-100x100.jpg",100,100,true]},"uagb_author_info":{"display_name":"adminemiro2024","author_link":"https:\/\/nueva.hvdes.com\/nueva\/author\/"},"uagb_comment_info":0,"uagb_excerpt":"Marca Brillo Incluye 1 shampoo Nota Color puede variar dependiendo del monitor que se observe. Uso Aseo","_links":{"self":[{"href":"https:\/\/nueva.hvdes.com\/nueva\/wp-json\/wp\/v2\/product\/3577","targetHints":{"allow":["GET"]}}],"collection":[{"href":"https:\/\/nueva.hvdes.com\/nueva\/wp-json\/wp\/v2\/product"}],"about":[{"href":"https:\/\/nueva.hvdes.com\/nueva\/wp-json\/wp\/v2\/types\/product"}],"replies":[{"embeddable":true,"href":"https:\/\/nueva.hvdes.com\/nueva\/wp-json\/wp\/v2\/comments?post=3577"}],"version-history":[{"count":1,"href":"https:\/\/nueva.hvdes.com\/nueva\/wp-json\/wp\/v2\/product\/3577\/revisions"}],"predecessor-version":[{"id":3579,"href":"https:\/\/nueva.hvdes.com\/nueva\/wp-json\/wp\/v2\/product\/3577\/revisions\/3579"}],"wp:featuredmedia":[{"embeddable":true,"href":"https:\/\/nueva.hvdes.com\/nueva\/wp-json\/wp\/v2\/media\/3578"}],"wp:attachment":[{"href":"https:\/\/nueva.hvdes.com\/nueva\/wp-json\/wp\/v2\/media?parent=3577"}],"wp:term":[{"taxonomy":"product_brand","embeddable":true,"href":"https:\/\/nueva.hvdes.com\/nueva\/wp-json\/wp\/v2\/product_brand?post=3577"},{"taxonomy":"product_cat","embeddable":true,"href":"https:\/\/nueva.hvdes.com\/nueva\/wp-json\/wp\/v2\/product_cat?post=3577"},{"taxonomy":"product_tag","embeddable":true,"href":"https:\/\/nueva.hvdes.com\/nueva\/wp-json\/wp\/v2\/product_tag?post=3577"}],"curies":[{"name":"wp","href":"https:\/\/api.w.org\/{rel}","templated":true}]}}