{"id":3555,"date":"2025-01-29T16:25:46","date_gmt":"2025-01-29T16:25:46","guid":{"rendered":"https:\/\/nueva.hvdes.com\/nueva\/?post_type=product&#038;p=3555"},"modified":"2025-01-29T17:25:42","modified_gmt":"2025-01-29T17:25:42","slug":"bol-bozal-talla-l-distri-mascota","status":"publish","type":"product","link":"https:\/\/nueva.hvdes.com\/nueva\/producto\/bol-bozal-talla-l-distri-mascota\/","title":{"rendered":"BOL BOZAL TALLA L DISTRI MASCOTA"},"content":{"rendered":"<div class=\"description\">\n<div class=\"productDescription\">\n<div class=\"description\">\n<div class=\"productDescription\">\n<p><b>BOL BOZAL TALLA L DISTRI MASCOTA<\/b><\/p>\n<p>\u00abEste bozal tipo canasta para perros ofrece la m\u00e1xima protecci\u00f3n a la vez que es c\u00f3modo<\/p>\n<p>para la mascota. <strong>Es un bozal muy agradable y seguro que permite al perro jadear, <\/strong><\/p>\n<p><strong>comer y beber con \u00e9l puesto<\/strong>. Su sistema de cierre \u00fanico cuenta con dos sistemas de anclaje<\/p>\n<p>adicionales, una banda inferior para asegurarla al collar y otra superior opcional para ponerla por<\/p>\n<p>encima de la cabeza. Es un accesorio que no puede faltar entre los objetos de un\u00a0perro catalogado<\/p>\n<p>como potencialmente peligroso, para cumplir la actual legislaci\u00f3n de tenencia de este tipo de mascotas.<span style=\"font-size: 16px;\">\u00ab<\/span><\/p>\n<\/div>\n<\/div>\n<\/div>\n<\/div>\n<h2 class=\"ui-pdp-description__title\" data-testid=\"title\"><\/h2>\n<p class=\"ui-pdp-description__content\" data-testid=\"content\">\n","protected":false},"excerpt":{"rendered":"<table class=\"group Especificaciones\" style=\"height: 212px;\" width=\"1843\" cellspacing=\"0\">\n<tbody>\n<tr class=\"even\">\n<th class=\"name-field Marca\">Marca<\/th>\n<td class=\"value-field Marca\">Distri<\/td>\n<\/tr>\n<tr>\n<th class=\"name-field Incluye\">Incluye<\/th>\n<td class=\"value-field Incluye\">1 Bozal<\/td>\n<\/tr>\n<tr class=\"even\">\n<th class=\"name-field Nota\">Nota<\/th>\n<td class=\"value-field Nota\">Color puede variar dependiendo del monitor que se observe.<\/td>\n<\/tr>\n<tr>\n<th class=\"name-field Uso\">Uso<\/th>\n<td class=\"value-field Uso\">Paseo<\/td>\n<\/tr>\n<\/tbody>\n<\/table>\n","protected":false},"featured_media":3556,"comment_status":"open","ping_status":"closed","template":"","meta":{"_uag_custom_page_level_css":"","site-sidebar-layout":"default","site-content-layout":"","ast-site-content-layout":"default","site-content-style":"default","site-sidebar-style":"default","ast-global-header-display":"","ast-banner-title-visibility":"","ast-main-header-display":"","ast-hfb-above-header-display":"","ast-hfb-below-header-display":"","ast-hfb-mobile-header-display":"","site-post-title":"","ast-breadcrumbs-content":"","ast-featured-img":"","footer-sml-layout":"","theme-transparent-header-meta":"default","adv-header-id-meta":"","stick-header-meta":"","header-above-stick-meta":"","header-main-stick-meta":"","header-below-stick-meta":"","astra-migrate-meta-layouts":"set","ast-page-background-enabled":"default","ast-page-background-meta":{"desktop":{"background-color":"var(--ast-global-color-4)","background-image":"","background-repeat":"repeat","background-position":"center center","background-size":"auto","background-attachment":"scroll","background-type":"","background-media":"","overlay-type":"","overlay-color":"","overlay-opacity":"","overlay-gradient":""},"tablet":{"background-color":"","background-image":"","background-repeat":"repeat","background-position":"center center","background-size":"auto","background-attachment":"scroll","background-type":"","background-media":"","overlay-type":"","overlay-color":"","overlay-opacity":"","overlay-gradient":""},"mobile":{"background-color":"","background-image":"","background-repeat":"repeat","background-position":"center center","background-size":"auto","background-attachment":"scroll","background-type":"","background-media":"","overlay-type":"","overlay-color":"","overlay-opacity":"","overlay-gradient":""}},"ast-content-background-meta":{"desktop":{"background-color":"var(--ast-global-color-5)","background-image":"","background-repeat":"repeat","background-position":"center center","background-size":"auto","background-attachment":"scroll","background-type":"","background-media":"","overlay-type":"","overlay-color":"","overlay-opacity":"","overlay-gradient":""},"tablet":{"background-color":"var(--ast-global-color-5)","background-image":"","background-repeat":"repeat","background-position":"center center","background-size":"auto","background-attachment":"scroll","background-type":"","background-media":"","overlay-type":"","overlay-color":"","overlay-opacity":"","overlay-gradient":""},"mobile":{"background-color":"var(--ast-global-color-5)","background-image":"","background-repeat":"repeat","background-position":"center center","background-size":"auto","background-attachment":"scroll","background-type":"","background-media":"","overlay-type":"","overlay-color":"","overlay-opacity":"","overlay-gradient":""}}},"product_brand":[],"product_cat":[115,110,24],"product_tag":[],"class_list":{"0":"post-3555","1":"product","2":"type-product","3":"status-publish","4":"has-post-thumbnail","6":"product_cat-bozales-para-perros","7":"product_cat-correas-traillas-para-perros","8":"product_cat-sin-categorizar","9":"desktop-align-left","10":"tablet-align-left","11":"mobile-align-left","13":"first","14":"instock","15":"shipping-taxable","16":"purchasable","17":"product-type-simple"},"yoast_head":"<!-- This site is optimized with the Yoast SEO Premium plugin v24.3 (Yoast SEO v24.3) - https:\/\/yoast.com\/wordpress\/plugins\/seo\/ -->\n<title>BOL BOZAL TALLA L DISTRI MASCOTA - Hospital Veterinario Sinai<\/title>\n<meta name=\"description\" content=\"Este bozal tipo canasta para perros ofrece la m\u00e1xima protecci\u00f3n a la vez que es c\u00f3modo para la mascota\" \/>\n<meta name=\"robots\" content=\"index, follow, max-snippet:-1, max-image-preview:large, max-video-preview:-1\" \/>\n<link rel=\"canonical\" href=\"https:\/\/nueva.hvdes.com\/nueva\/producto\/bol-bozal-talla-l-distri-mascota\/\" \/>\n<meta property=\"og:locale\" content=\"es_ES\" \/>\n<meta property=\"og:type\" content=\"article\" \/>\n<meta property=\"og:title\" content=\"BOL BOZAL TALLA L DISTRI MASCOTA\" \/>\n<meta property=\"og:description\" content=\"Este bozal tipo canasta para perros ofrece la m\u00e1xima protecci\u00f3n a la vez que es c\u00f3modo para la mascota\" \/>\n<meta property=\"og:url\" content=\"https:\/\/nueva.hvdes.com\/nueva\/producto\/bol-bozal-talla-l-distri-mascota\/\" \/>\n<meta property=\"og:site_name\" content=\"Hospital Veterinario Sinai\" \/>\n<meta property=\"article:modified_time\" content=\"2025-01-29T17:25:42+00:00\" \/>\n<meta property=\"og:image\" content=\"https:\/\/nueva.hvdes.com\/nueva\/wp-content\/uploads\/2025\/01\/BOL-BOZAL-TALLA-L-DISTRI-MASCOTA.jpg\" \/>\n\t<meta property=\"og:image:width\" content=\"780\" \/>\n\t<meta property=\"og:image:height\" content=\"780\" \/>\n\t<meta property=\"og:image:type\" content=\"image\/jpeg\" \/>\n<meta name=\"twitter:card\" content=\"summary_large_image\" \/>\n<meta name=\"twitter:label1\" content=\"Tiempo de lectura\" \/>\n\t<meta name=\"twitter:data1\" content=\"1 minuto\" \/>\n<script type=\"application\/ld+json\" class=\"yoast-schema-graph\">{\"@context\":\"https:\/\/schema.org\",\"@graph\":[{\"@type\":\"WebPage\",\"@id\":\"https:\/\/nueva.hvdes.com\/nueva\/producto\/bol-bozal-talla-l-distri-mascota\/\",\"url\":\"https:\/\/nueva.hvdes.com\/nueva\/producto\/bol-bozal-talla-l-distri-mascota\/\",\"name\":\"BOL BOZAL TALLA L DISTRI MASCOTA - Hospital Veterinario Sinai\",\"isPartOf\":{\"@id\":\"https:\/\/nueva.hvdes.com\/nueva\/#website\"},\"primaryImageOfPage\":{\"@id\":\"https:\/\/nueva.hvdes.com\/nueva\/producto\/bol-bozal-talla-l-distri-mascota\/#primaryimage\"},\"image\":{\"@id\":\"https:\/\/nueva.hvdes.com\/nueva\/producto\/bol-bozal-talla-l-distri-mascota\/#primaryimage\"},\"thumbnailUrl\":\"https:\/\/nueva.hvdes.com\/nueva\/wp-content\/uploads\/2025\/01\/BOL-BOZAL-TALLA-L-DISTRI-MASCOTA.jpg\",\"datePublished\":\"2025-01-29T16:25:46+00:00\",\"dateModified\":\"2025-01-29T17:25:42+00:00\",\"description\":\"Este bozal tipo canasta para perros ofrece la m\u00e1xima protecci\u00f3n a la vez que es c\u00f3modo para la mascota\",\"breadcrumb\":{\"@id\":\"https:\/\/nueva.hvdes.com\/nueva\/producto\/bol-bozal-talla-l-distri-mascota\/#breadcrumb\"},\"inLanguage\":\"es\",\"potentialAction\":[{\"@type\":\"ReadAction\",\"target\":[\"https:\/\/nueva.hvdes.com\/nueva\/producto\/bol-bozal-talla-l-distri-mascota\/\"]}]},{\"@type\":\"ImageObject\",\"inLanguage\":\"es\",\"@id\":\"https:\/\/nueva.hvdes.com\/nueva\/producto\/bol-bozal-talla-l-distri-mascota\/#primaryimage\",\"url\":\"https:\/\/nueva.hvdes.com\/nueva\/wp-content\/uploads\/2025\/01\/BOL-BOZAL-TALLA-L-DISTRI-MASCOTA.jpg\",\"contentUrl\":\"https:\/\/nueva.hvdes.com\/nueva\/wp-content\/uploads\/2025\/01\/BOL-BOZAL-TALLA-L-DISTRI-MASCOTA.jpg\",\"width\":780,\"height\":780,\"caption\":\"Este bozal tipo canasta para perros ofrece la m\u00e1xima protecci\u00f3n a la vez que es c\u00f3modo para la mascota\"},{\"@type\":\"BreadcrumbList\",\"@id\":\"https:\/\/nueva.hvdes.com\/nueva\/producto\/bol-bozal-talla-l-distri-mascota\/#breadcrumb\",\"itemListElement\":[{\"@type\":\"ListItem\",\"position\":1,\"name\":\"Portada\",\"item\":\"https:\/\/nueva.hvdes.com\/nueva\/\"},{\"@type\":\"ListItem\",\"position\":2,\"name\":\"Tienda Perros\",\"item\":\"https:\/\/nueva.hvdes.com\/nueva\/tienda\/\"},{\"@type\":\"ListItem\",\"position\":3,\"name\":\"BOL BOZAL TALLA L DISTRI MASCOTA\"}]},{\"@type\":\"WebSite\",\"@id\":\"https:\/\/nueva.hvdes.com\/nueva\/#website\",\"url\":\"https:\/\/nueva.hvdes.com\/nueva\/\",\"name\":\"Hospital Veterinario Sinai\",\"description\":\"\",\"publisher\":{\"@id\":\"https:\/\/nueva.hvdes.com\/nueva\/#organization\"},\"potentialAction\":[{\"@type\":\"SearchAction\",\"target\":{\"@type\":\"EntryPoint\",\"urlTemplate\":\"https:\/\/nueva.hvdes.com\/nueva\/?s={search_term_string}\"},\"query-input\":{\"@type\":\"PropertyValueSpecification\",\"valueRequired\":true,\"valueName\":\"search_term_string\"}}],\"inLanguage\":\"es\"},{\"@type\":\"Organization\",\"@id\":\"https:\/\/nueva.hvdes.com\/nueva\/#organization\",\"name\":\"Hospital Veterinario Sinai\",\"url\":\"https:\/\/nueva.hvdes.com\/nueva\/\",\"logo\":{\"@type\":\"ImageObject\",\"inLanguage\":\"es\",\"@id\":\"https:\/\/nueva.hvdes.com\/nueva\/#\/schema\/logo\/image\/\",\"url\":\"https:\/\/nueva.hvdes.com\/nueva\/wp-content\/uploads\/2024\/02\/LOGO-HVDES-PNG-1.png\",\"contentUrl\":\"https:\/\/nueva.hvdes.com\/nueva\/wp-content\/uploads\/2024\/02\/LOGO-HVDES-PNG-1.png\",\"width\":1920,\"height\":418,\"caption\":\"Hospital Veterinario Sinai\"},\"image\":{\"@id\":\"https:\/\/nueva.hvdes.com\/nueva\/#\/schema\/logo\/image\/\"}}]}<\/script>\n<!-- \/ Yoast SEO Premium plugin. -->","yoast_head_json":{"title":"BOL BOZAL TALLA L DISTRI MASCOTA - Hospital Veterinario Sinai","description":"Este bozal tipo canasta para perros ofrece la m\u00e1xima protecci\u00f3n a la vez que es c\u00f3modo para la mascota","robots":{"index":"index","follow":"follow","max-snippet":"max-snippet:-1","max-image-preview":"max-image-preview:large","max-video-preview":"max-video-preview:-1"},"canonical":"https:\/\/nueva.hvdes.com\/nueva\/producto\/bol-bozal-talla-l-distri-mascota\/","og_locale":"es_ES","og_type":"article","og_title":"BOL BOZAL TALLA L DISTRI MASCOTA","og_description":"Este bozal tipo canasta para perros ofrece la m\u00e1xima protecci\u00f3n a la vez que es c\u00f3modo para la mascota","og_url":"https:\/\/nueva.hvdes.com\/nueva\/producto\/bol-bozal-talla-l-distri-mascota\/","og_site_name":"Hospital Veterinario Sinai","article_modified_time":"2025-01-29T17:25:42+00:00","og_image":[{"width":780,"height":780,"url":"https:\/\/nueva.hvdes.com\/nueva\/wp-content\/uploads\/2025\/01\/BOL-BOZAL-TALLA-L-DISTRI-MASCOTA.jpg","type":"image\/jpeg"}],"twitter_card":"summary_large_image","twitter_misc":{"Tiempo de lectura":"1 minuto"},"schema":{"@context":"https:\/\/schema.org","@graph":[{"@type":"WebPage","@id":"https:\/\/nueva.hvdes.com\/nueva\/producto\/bol-bozal-talla-l-distri-mascota\/","url":"https:\/\/nueva.hvdes.com\/nueva\/producto\/bol-bozal-talla-l-distri-mascota\/","name":"BOL BOZAL TALLA L DISTRI MASCOTA - Hospital Veterinario Sinai","isPartOf":{"@id":"https:\/\/nueva.hvdes.com\/nueva\/#website"},"primaryImageOfPage":{"@id":"https:\/\/nueva.hvdes.com\/nueva\/producto\/bol-bozal-talla-l-distri-mascota\/#primaryimage"},"image":{"@id":"https:\/\/nueva.hvdes.com\/nueva\/producto\/bol-bozal-talla-l-distri-mascota\/#primaryimage"},"thumbnailUrl":"https:\/\/nueva.hvdes.com\/nueva\/wp-content\/uploads\/2025\/01\/BOL-BOZAL-TALLA-L-DISTRI-MASCOTA.jpg","datePublished":"2025-01-29T16:25:46+00:00","dateModified":"2025-01-29T17:25:42+00:00","description":"Este bozal tipo canasta para perros ofrece la m\u00e1xima protecci\u00f3n a la vez que es c\u00f3modo para la mascota","breadcrumb":{"@id":"https:\/\/nueva.hvdes.com\/nueva\/producto\/bol-bozal-talla-l-distri-mascota\/#breadcrumb"},"inLanguage":"es","potentialAction":[{"@type":"ReadAction","target":["https:\/\/nueva.hvdes.com\/nueva\/producto\/bol-bozal-talla-l-distri-mascota\/"]}]},{"@type":"ImageObject","inLanguage":"es","@id":"https:\/\/nueva.hvdes.com\/nueva\/producto\/bol-bozal-talla-l-distri-mascota\/#primaryimage","url":"https:\/\/nueva.hvdes.com\/nueva\/wp-content\/uploads\/2025\/01\/BOL-BOZAL-TALLA-L-DISTRI-MASCOTA.jpg","contentUrl":"https:\/\/nueva.hvdes.com\/nueva\/wp-content\/uploads\/2025\/01\/BOL-BOZAL-TALLA-L-DISTRI-MASCOTA.jpg","width":780,"height":780,"caption":"Este bozal tipo canasta para perros ofrece la m\u00e1xima protecci\u00f3n a la vez que es c\u00f3modo para la mascota"},{"@type":"BreadcrumbList","@id":"https:\/\/nueva.hvdes.com\/nueva\/producto\/bol-bozal-talla-l-distri-mascota\/#breadcrumb","itemListElement":[{"@type":"ListItem","position":1,"name":"Portada","item":"https:\/\/nueva.hvdes.com\/nueva\/"},{"@type":"ListItem","position":2,"name":"Tienda Perros","item":"https:\/\/nueva.hvdes.com\/nueva\/tienda\/"},{"@type":"ListItem","position":3,"name":"BOL BOZAL TALLA L DISTRI MASCOTA"}]},{"@type":"WebSite","@id":"https:\/\/nueva.hvdes.com\/nueva\/#website","url":"https:\/\/nueva.hvdes.com\/nueva\/","name":"Hospital Veterinario Sinai","description":"","publisher":{"@id":"https:\/\/nueva.hvdes.com\/nueva\/#organization"},"potentialAction":[{"@type":"SearchAction","target":{"@type":"EntryPoint","urlTemplate":"https:\/\/nueva.hvdes.com\/nueva\/?s={search_term_string}"},"query-input":{"@type":"PropertyValueSpecification","valueRequired":true,"valueName":"search_term_string"}}],"inLanguage":"es"},{"@type":"Organization","@id":"https:\/\/nueva.hvdes.com\/nueva\/#organization","name":"Hospital Veterinario Sinai","url":"https:\/\/nueva.hvdes.com\/nueva\/","logo":{"@type":"ImageObject","inLanguage":"es","@id":"https:\/\/nueva.hvdes.com\/nueva\/#\/schema\/logo\/image\/","url":"https:\/\/nueva.hvdes.com\/nueva\/wp-content\/uploads\/2024\/02\/LOGO-HVDES-PNG-1.png","contentUrl":"https:\/\/nueva.hvdes.com\/nueva\/wp-content\/uploads\/2024\/02\/LOGO-HVDES-PNG-1.png","width":1920,"height":418,"caption":"Hospital Veterinario Sinai"},"image":{"@id":"https:\/\/nueva.hvdes.com\/nueva\/#\/schema\/logo\/image\/"}}]}},"uagb_featured_image_src":{"full":["https:\/\/nueva.hvdes.com\/nueva\/wp-content\/uploads\/2025\/01\/BOL-BOZAL-TALLA-L-DISTRI-MASCOTA.jpg",780,780,false],"thumbnail":["https:\/\/nueva.hvdes.com\/nueva\/wp-content\/uploads\/2025\/01\/BOL-BOZAL-TALLA-L-DISTRI-MASCOTA-150x150.jpg",150,150,true],"medium":["https:\/\/nueva.hvdes.com\/nueva\/wp-content\/uploads\/2025\/01\/BOL-BOZAL-TALLA-L-DISTRI-MASCOTA-300x300.jpg",300,300,true],"medium_large":["https:\/\/nueva.hvdes.com\/nueva\/wp-content\/uploads\/2025\/01\/BOL-BOZAL-TALLA-L-DISTRI-MASCOTA-768x768.jpg",768,768,true],"large":["https:\/\/nueva.hvdes.com\/nueva\/wp-content\/uploads\/2025\/01\/BOL-BOZAL-TALLA-L-DISTRI-MASCOTA.jpg",780,780,false],"1536x1536":["https:\/\/nueva.hvdes.com\/nueva\/wp-content\/uploads\/2025\/01\/BOL-BOZAL-TALLA-L-DISTRI-MASCOTA.jpg",780,780,false],"2048x2048":["https:\/\/nueva.hvdes.com\/nueva\/wp-content\/uploads\/2025\/01\/BOL-BOZAL-TALLA-L-DISTRI-MASCOTA.jpg",780,780,false],"woocommerce_thumbnail":["https:\/\/nueva.hvdes.com\/nueva\/wp-content\/uploads\/2025\/01\/BOL-BOZAL-TALLA-L-DISTRI-MASCOTA-300x300.jpg",300,300,true],"woocommerce_single":["https:\/\/nueva.hvdes.com\/nueva\/wp-content\/uploads\/2025\/01\/BOL-BOZAL-TALLA-L-DISTRI-MASCOTA-600x600.jpg",600,600,true],"woocommerce_gallery_thumbnail":["https:\/\/nueva.hvdes.com\/nueva\/wp-content\/uploads\/2025\/01\/BOL-BOZAL-TALLA-L-DISTRI-MASCOTA-100x100.jpg",100,100,true]},"uagb_author_info":{"display_name":"adminemiro2024","author_link":"https:\/\/nueva.hvdes.com\/nueva\/author\/"},"uagb_comment_info":0,"uagb_excerpt":"Marca Distri Incluye 1 Bozal Nota Color puede variar dependiendo del monitor que se observe. Uso Paseo","_links":{"self":[{"href":"https:\/\/nueva.hvdes.com\/nueva\/wp-json\/wp\/v2\/product\/3555","targetHints":{"allow":["GET"]}}],"collection":[{"href":"https:\/\/nueva.hvdes.com\/nueva\/wp-json\/wp\/v2\/product"}],"about":[{"href":"https:\/\/nueva.hvdes.com\/nueva\/wp-json\/wp\/v2\/types\/product"}],"replies":[{"embeddable":true,"href":"https:\/\/nueva.hvdes.com\/nueva\/wp-json\/wp\/v2\/comments?post=3555"}],"version-history":[{"count":1,"href":"https:\/\/nueva.hvdes.com\/nueva\/wp-json\/wp\/v2\/product\/3555\/revisions"}],"predecessor-version":[{"id":3557,"href":"https:\/\/nueva.hvdes.com\/nueva\/wp-json\/wp\/v2\/product\/3555\/revisions\/3557"}],"wp:featuredmedia":[{"embeddable":true,"href":"https:\/\/nueva.hvdes.com\/nueva\/wp-json\/wp\/v2\/media\/3556"}],"wp:attachment":[{"href":"https:\/\/nueva.hvdes.com\/nueva\/wp-json\/wp\/v2\/media?parent=3555"}],"wp:term":[{"taxonomy":"product_brand","embeddable":true,"href":"https:\/\/nueva.hvdes.com\/nueva\/wp-json\/wp\/v2\/product_brand?post=3555"},{"taxonomy":"product_cat","embeddable":true,"href":"https:\/\/nueva.hvdes.com\/nueva\/wp-json\/wp\/v2\/product_cat?post=3555"},{"taxonomy":"product_tag","embeddable":true,"href":"https:\/\/nueva.hvdes.com\/nueva\/wp-json\/wp\/v2\/product_tag?post=3555"}],"curies":[{"name":"wp","href":"https:\/\/api.w.org\/{rel}","templated":true}]}}