{"id":3494,"date":"2025-01-28T18:18:45","date_gmt":"2025-01-28T18:18:45","guid":{"rendered":"https:\/\/nueva.hvdes.com\/nueva\/?post_type=product&#038;p=3494"},"modified":"2025-01-28T18:18:46","modified_gmt":"2025-01-28T18:18:46","slug":"juguete-kong-lazo","status":"publish","type":"product","link":"https:\/\/nueva.hvdes.com\/nueva\/producto\/juguete-kong-lazo\/","title":{"rendered":"Juguete Kong Lazo"},"content":{"rendered":"<p><b>Juguete Kong Lazo<\/b><\/p>\n<p>\u00abEl juguete KONG Lazo, tambi\u00e9n conocido como KONG Dental with Rope,<\/p>\n<p>est\u00e1 dise\u00f1ado para satisfacer la necesidad instintiva de masticar de los perros,<\/p>\n<p>al mismo tiempo que ayuda a limpiar sus dientes y enc\u00edas. Este juguete fomenta<\/p>\n<p>el juego y fortalece el v\u00ednculo entre el perro y su due\u00f1o.\u00bb<\/p>\n","protected":false},"excerpt":{"rendered":"<table class=\"group Especificaciones\" style=\"height: 212px;\" width=\"1843\" cellspacing=\"0\">\n<tbody>\n<tr class=\"even\">\n<th class=\"name-field Marca\">Marca<\/th>\n<td class=\"value-field Marca\">Kong<\/td>\n<\/tr>\n<tr>\n<th class=\"name-field Incluye\">Incluye<\/th>\n<td class=\"value-field Incluye\">1 Juguete<\/td>\n<\/tr>\n<tr class=\"even\">\n<th class=\"name-field Nota\">Nota<\/th>\n<td class=\"value-field Nota\">Color puede variar dependiendo del monitor que se observe.<\/td>\n<\/tr>\n<tr>\n<th class=\"name-field Uso\">Uso<\/th>\n<td class=\"value-field Uso\">Juguete<\/td>\n<\/tr>\n<\/tbody>\n<\/table>\n","protected":false},"featured_media":3495,"comment_status":"open","ping_status":"closed","template":"","meta":{"_uag_custom_page_level_css":"","site-sidebar-layout":"default","site-content-layout":"","ast-site-content-layout":"default","site-content-style":"default","site-sidebar-style":"default","ast-global-header-display":"","ast-banner-title-visibility":"","ast-main-header-display":"","ast-hfb-above-header-display":"","ast-hfb-below-header-display":"","ast-hfb-mobile-header-display":"","site-post-title":"","ast-breadcrumbs-content":"","ast-featured-img":"","footer-sml-layout":"","theme-transparent-header-meta":"default","adv-header-id-meta":"","stick-header-meta":"","header-above-stick-meta":"","header-main-stick-meta":"","header-below-stick-meta":"","astra-migrate-meta-layouts":"set","ast-page-background-enabled":"default","ast-page-background-meta":{"desktop":{"background-color":"var(--ast-global-color-4)","background-image":"","background-repeat":"repeat","background-position":"center center","background-size":"auto","background-attachment":"scroll","background-type":"","background-media":"","overlay-type":"","overlay-color":"","overlay-opacity":"","overlay-gradient":""},"tablet":{"background-color":"","background-image":"","background-repeat":"repeat","background-position":"center center","background-size":"auto","background-attachment":"scroll","background-type":"","background-media":"","overlay-type":"","overlay-color":"","overlay-opacity":"","overlay-gradient":""},"mobile":{"background-color":"","background-image":"","background-repeat":"repeat","background-position":"center center","background-size":"auto","background-attachment":"scroll","background-type":"","background-media":"","overlay-type":"","overlay-color":"","overlay-opacity":"","overlay-gradient":""}},"ast-content-background-meta":{"desktop":{"background-color":"var(--ast-global-color-5)","background-image":"","background-repeat":"repeat","background-position":"center center","background-size":"auto","background-attachment":"scroll","background-type":"","background-media":"","overlay-type":"","overlay-color":"","overlay-opacity":"","overlay-gradient":""},"tablet":{"background-color":"var(--ast-global-color-5)","background-image":"","background-repeat":"repeat","background-position":"center center","background-size":"auto","background-attachment":"scroll","background-type":"","background-media":"","overlay-type":"","overlay-color":"","overlay-opacity":"","overlay-gradient":""},"mobile":{"background-color":"var(--ast-global-color-5)","background-image":"","background-repeat":"repeat","background-position":"center center","background-size":"auto","background-attachment":"scroll","background-type":"","background-media":"","overlay-type":"","overlay-color":"","overlay-opacity":"","overlay-gradient":""}}},"product_brand":[],"product_cat":[77,80],"product_tag":[],"class_list":{"0":"post-3494","1":"product","2":"type-product","3":"status-publish","4":"has-post-thumbnail","6":"product_cat-entrenamiento-y-comportamiento-para-perros","7":"product_cat-obediencia-de-perros","8":"desktop-align-left","9":"tablet-align-left","10":"mobile-align-left","12":"first","13":"instock","14":"shipping-taxable","15":"product-type-simple"},"yoast_head":"<!-- This site is optimized with the Yoast SEO Premium plugin v24.3 (Yoast SEO v24.3) - https:\/\/yoast.com\/wordpress\/plugins\/seo\/ -->\n<title>Juguete Kong Lazo - Hospital Veterinario Sinai<\/title>\n<meta name=\"robots\" content=\"index, follow, max-snippet:-1, max-image-preview:large, max-video-preview:-1\" \/>\n<link rel=\"canonical\" href=\"https:\/\/nueva.hvdes.com\/nueva\/producto\/juguete-kong-lazo\/\" \/>\n<meta property=\"og:locale\" content=\"es_ES\" \/>\n<meta property=\"og:type\" content=\"article\" \/>\n<meta property=\"og:title\" content=\"Juguete Kong Lazo\" \/>\n<meta property=\"og:description\" content=\"Marca Kong   Incluye 1 Juguete   Nota Color puede variar dependiendo del monitor que se observe.   Uso Juguete\" \/>\n<meta property=\"og:url\" content=\"https:\/\/nueva.hvdes.com\/nueva\/producto\/juguete-kong-lazo\/\" \/>\n<meta property=\"og:site_name\" content=\"Hospital Veterinario Sinai\" \/>\n<meta property=\"article:modified_time\" content=\"2025-01-28T18:18:46+00:00\" \/>\n<meta property=\"og:image\" content=\"https:\/\/nueva.hvdes.com\/nueva\/wp-content\/uploads\/2025\/01\/JUGUETE-KONG-LAZO-SYN.jpg\" \/>\n\t<meta property=\"og:image:width\" content=\"657\" \/>\n\t<meta property=\"og:image:height\" content=\"657\" \/>\n\t<meta property=\"og:image:type\" content=\"image\/jpeg\" \/>\n<meta name=\"twitter:card\" content=\"summary_large_image\" \/>\n<meta name=\"twitter:label1\" content=\"Tiempo de lectura\" \/>\n\t<meta name=\"twitter:data1\" content=\"1 minuto\" \/>\n<script type=\"application\/ld+json\" class=\"yoast-schema-graph\">{\"@context\":\"https:\/\/schema.org\",\"@graph\":[{\"@type\":\"WebPage\",\"@id\":\"https:\/\/nueva.hvdes.com\/nueva\/producto\/juguete-kong-lazo\/\",\"url\":\"https:\/\/nueva.hvdes.com\/nueva\/producto\/juguete-kong-lazo\/\",\"name\":\"Juguete Kong Lazo - Hospital Veterinario Sinai\",\"isPartOf\":{\"@id\":\"https:\/\/nueva.hvdes.com\/nueva\/#website\"},\"primaryImageOfPage\":{\"@id\":\"https:\/\/nueva.hvdes.com\/nueva\/producto\/juguete-kong-lazo\/#primaryimage\"},\"image\":{\"@id\":\"https:\/\/nueva.hvdes.com\/nueva\/producto\/juguete-kong-lazo\/#primaryimage\"},\"thumbnailUrl\":\"https:\/\/nueva.hvdes.com\/nueva\/wp-content\/uploads\/2025\/01\/JUGUETE-KONG-LAZO-SYN.jpg\",\"datePublished\":\"2025-01-28T18:18:45+00:00\",\"dateModified\":\"2025-01-28T18:18:46+00:00\",\"breadcrumb\":{\"@id\":\"https:\/\/nueva.hvdes.com\/nueva\/producto\/juguete-kong-lazo\/#breadcrumb\"},\"inLanguage\":\"es\",\"potentialAction\":[{\"@type\":\"ReadAction\",\"target\":[\"https:\/\/nueva.hvdes.com\/nueva\/producto\/juguete-kong-lazo\/\"]}]},{\"@type\":\"ImageObject\",\"inLanguage\":\"es\",\"@id\":\"https:\/\/nueva.hvdes.com\/nueva\/producto\/juguete-kong-lazo\/#primaryimage\",\"url\":\"https:\/\/nueva.hvdes.com\/nueva\/wp-content\/uploads\/2025\/01\/JUGUETE-KONG-LAZO-SYN.jpg\",\"contentUrl\":\"https:\/\/nueva.hvdes.com\/nueva\/wp-content\/uploads\/2025\/01\/JUGUETE-KONG-LAZO-SYN.jpg\",\"width\":657,\"height\":657,\"caption\":\"El juguete KONG Lazo, tambi\u00e9n conocido como KONG Dental with Rope, est\u00e1 dise\u00f1ado para satisfacer la necesidad instintiva de masticar de los perros.\"},{\"@type\":\"BreadcrumbList\",\"@id\":\"https:\/\/nueva.hvdes.com\/nueva\/producto\/juguete-kong-lazo\/#breadcrumb\",\"itemListElement\":[{\"@type\":\"ListItem\",\"position\":1,\"name\":\"Portada\",\"item\":\"https:\/\/nueva.hvdes.com\/nueva\/\"},{\"@type\":\"ListItem\",\"position\":2,\"name\":\"Tienda Perros\",\"item\":\"https:\/\/nueva.hvdes.com\/nueva\/tienda\/\"},{\"@type\":\"ListItem\",\"position\":3,\"name\":\"Juguete Kong Lazo\"}]},{\"@type\":\"WebSite\",\"@id\":\"https:\/\/nueva.hvdes.com\/nueva\/#website\",\"url\":\"https:\/\/nueva.hvdes.com\/nueva\/\",\"name\":\"Hospital Veterinario Sinai\",\"description\":\"\",\"publisher\":{\"@id\":\"https:\/\/nueva.hvdes.com\/nueva\/#organization\"},\"potentialAction\":[{\"@type\":\"SearchAction\",\"target\":{\"@type\":\"EntryPoint\",\"urlTemplate\":\"https:\/\/nueva.hvdes.com\/nueva\/?s={search_term_string}\"},\"query-input\":{\"@type\":\"PropertyValueSpecification\",\"valueRequired\":true,\"valueName\":\"search_term_string\"}}],\"inLanguage\":\"es\"},{\"@type\":\"Organization\",\"@id\":\"https:\/\/nueva.hvdes.com\/nueva\/#organization\",\"name\":\"Hospital Veterinario Sinai\",\"url\":\"https:\/\/nueva.hvdes.com\/nueva\/\",\"logo\":{\"@type\":\"ImageObject\",\"inLanguage\":\"es\",\"@id\":\"https:\/\/nueva.hvdes.com\/nueva\/#\/schema\/logo\/image\/\",\"url\":\"https:\/\/nueva.hvdes.com\/nueva\/wp-content\/uploads\/2024\/02\/LOGO-HVDES-PNG-1.png\",\"contentUrl\":\"https:\/\/nueva.hvdes.com\/nueva\/wp-content\/uploads\/2024\/02\/LOGO-HVDES-PNG-1.png\",\"width\":1920,\"height\":418,\"caption\":\"Hospital Veterinario Sinai\"},\"image\":{\"@id\":\"https:\/\/nueva.hvdes.com\/nueva\/#\/schema\/logo\/image\/\"}}]}<\/script>\n<!-- \/ Yoast SEO Premium plugin. -->","yoast_head_json":{"title":"Juguete Kong Lazo - Hospital Veterinario Sinai","robots":{"index":"index","follow":"follow","max-snippet":"max-snippet:-1","max-image-preview":"max-image-preview:large","max-video-preview":"max-video-preview:-1"},"canonical":"https:\/\/nueva.hvdes.com\/nueva\/producto\/juguete-kong-lazo\/","og_locale":"es_ES","og_type":"article","og_title":"Juguete Kong Lazo","og_description":"Marca Kong   Incluye 1 Juguete   Nota Color puede variar dependiendo del monitor que se observe.   Uso Juguete","og_url":"https:\/\/nueva.hvdes.com\/nueva\/producto\/juguete-kong-lazo\/","og_site_name":"Hospital Veterinario Sinai","article_modified_time":"2025-01-28T18:18:46+00:00","og_image":[{"width":657,"height":657,"url":"https:\/\/nueva.hvdes.com\/nueva\/wp-content\/uploads\/2025\/01\/JUGUETE-KONG-LAZO-SYN.jpg","type":"image\/jpeg"}],"twitter_card":"summary_large_image","twitter_misc":{"Tiempo de lectura":"1 minuto"},"schema":{"@context":"https:\/\/schema.org","@graph":[{"@type":"WebPage","@id":"https:\/\/nueva.hvdes.com\/nueva\/producto\/juguete-kong-lazo\/","url":"https:\/\/nueva.hvdes.com\/nueva\/producto\/juguete-kong-lazo\/","name":"Juguete Kong Lazo - Hospital Veterinario Sinai","isPartOf":{"@id":"https:\/\/nueva.hvdes.com\/nueva\/#website"},"primaryImageOfPage":{"@id":"https:\/\/nueva.hvdes.com\/nueva\/producto\/juguete-kong-lazo\/#primaryimage"},"image":{"@id":"https:\/\/nueva.hvdes.com\/nueva\/producto\/juguete-kong-lazo\/#primaryimage"},"thumbnailUrl":"https:\/\/nueva.hvdes.com\/nueva\/wp-content\/uploads\/2025\/01\/JUGUETE-KONG-LAZO-SYN.jpg","datePublished":"2025-01-28T18:18:45+00:00","dateModified":"2025-01-28T18:18:46+00:00","breadcrumb":{"@id":"https:\/\/nueva.hvdes.com\/nueva\/producto\/juguete-kong-lazo\/#breadcrumb"},"inLanguage":"es","potentialAction":[{"@type":"ReadAction","target":["https:\/\/nueva.hvdes.com\/nueva\/producto\/juguete-kong-lazo\/"]}]},{"@type":"ImageObject","inLanguage":"es","@id":"https:\/\/nueva.hvdes.com\/nueva\/producto\/juguete-kong-lazo\/#primaryimage","url":"https:\/\/nueva.hvdes.com\/nueva\/wp-content\/uploads\/2025\/01\/JUGUETE-KONG-LAZO-SYN.jpg","contentUrl":"https:\/\/nueva.hvdes.com\/nueva\/wp-content\/uploads\/2025\/01\/JUGUETE-KONG-LAZO-SYN.jpg","width":657,"height":657,"caption":"El juguete KONG Lazo, tambi\u00e9n conocido como KONG Dental with Rope, est\u00e1 dise\u00f1ado para satisfacer la necesidad instintiva de masticar de los perros."},{"@type":"BreadcrumbList","@id":"https:\/\/nueva.hvdes.com\/nueva\/producto\/juguete-kong-lazo\/#breadcrumb","itemListElement":[{"@type":"ListItem","position":1,"name":"Portada","item":"https:\/\/nueva.hvdes.com\/nueva\/"},{"@type":"ListItem","position":2,"name":"Tienda Perros","item":"https:\/\/nueva.hvdes.com\/nueva\/tienda\/"},{"@type":"ListItem","position":3,"name":"Juguete Kong Lazo"}]},{"@type":"WebSite","@id":"https:\/\/nueva.hvdes.com\/nueva\/#website","url":"https:\/\/nueva.hvdes.com\/nueva\/","name":"Hospital Veterinario Sinai","description":"","publisher":{"@id":"https:\/\/nueva.hvdes.com\/nueva\/#organization"},"potentialAction":[{"@type":"SearchAction","target":{"@type":"EntryPoint","urlTemplate":"https:\/\/nueva.hvdes.com\/nueva\/?s={search_term_string}"},"query-input":{"@type":"PropertyValueSpecification","valueRequired":true,"valueName":"search_term_string"}}],"inLanguage":"es"},{"@type":"Organization","@id":"https:\/\/nueva.hvdes.com\/nueva\/#organization","name":"Hospital Veterinario Sinai","url":"https:\/\/nueva.hvdes.com\/nueva\/","logo":{"@type":"ImageObject","inLanguage":"es","@id":"https:\/\/nueva.hvdes.com\/nueva\/#\/schema\/logo\/image\/","url":"https:\/\/nueva.hvdes.com\/nueva\/wp-content\/uploads\/2024\/02\/LOGO-HVDES-PNG-1.png","contentUrl":"https:\/\/nueva.hvdes.com\/nueva\/wp-content\/uploads\/2024\/02\/LOGO-HVDES-PNG-1.png","width":1920,"height":418,"caption":"Hospital Veterinario Sinai"},"image":{"@id":"https:\/\/nueva.hvdes.com\/nueva\/#\/schema\/logo\/image\/"}}]}},"uagb_featured_image_src":{"full":["https:\/\/nueva.hvdes.com\/nueva\/wp-content\/uploads\/2025\/01\/JUGUETE-KONG-LAZO-SYN.jpg",657,657,false],"thumbnail":["https:\/\/nueva.hvdes.com\/nueva\/wp-content\/uploads\/2025\/01\/JUGUETE-KONG-LAZO-SYN-150x150.jpg",150,150,true],"medium":["https:\/\/nueva.hvdes.com\/nueva\/wp-content\/uploads\/2025\/01\/JUGUETE-KONG-LAZO-SYN-300x300.jpg",300,300,true],"medium_large":["https:\/\/nueva.hvdes.com\/nueva\/wp-content\/uploads\/2025\/01\/JUGUETE-KONG-LAZO-SYN.jpg",657,657,false],"large":["https:\/\/nueva.hvdes.com\/nueva\/wp-content\/uploads\/2025\/01\/JUGUETE-KONG-LAZO-SYN.jpg",657,657,false],"1536x1536":["https:\/\/nueva.hvdes.com\/nueva\/wp-content\/uploads\/2025\/01\/JUGUETE-KONG-LAZO-SYN.jpg",657,657,false],"2048x2048":["https:\/\/nueva.hvdes.com\/nueva\/wp-content\/uploads\/2025\/01\/JUGUETE-KONG-LAZO-SYN.jpg",657,657,false],"woocommerce_thumbnail":["https:\/\/nueva.hvdes.com\/nueva\/wp-content\/uploads\/2025\/01\/JUGUETE-KONG-LAZO-SYN-300x300.jpg",300,300,true],"woocommerce_single":["https:\/\/nueva.hvdes.com\/nueva\/wp-content\/uploads\/2025\/01\/JUGUETE-KONG-LAZO-SYN-600x600.jpg",600,600,true],"woocommerce_gallery_thumbnail":["https:\/\/nueva.hvdes.com\/nueva\/wp-content\/uploads\/2025\/01\/JUGUETE-KONG-LAZO-SYN-100x100.jpg",100,100,true]},"uagb_author_info":{"display_name":"adminemiro2024","author_link":"https:\/\/nueva.hvdes.com\/nueva\/author\/"},"uagb_comment_info":0,"uagb_excerpt":"Marca Kong Incluye 1 Juguete Nota Color puede variar dependiendo del monitor que se observe. Uso Juguete","_links":{"self":[{"href":"https:\/\/nueva.hvdes.com\/nueva\/wp-json\/wp\/v2\/product\/3494","targetHints":{"allow":["GET"]}}],"collection":[{"href":"https:\/\/nueva.hvdes.com\/nueva\/wp-json\/wp\/v2\/product"}],"about":[{"href":"https:\/\/nueva.hvdes.com\/nueva\/wp-json\/wp\/v2\/types\/product"}],"replies":[{"embeddable":true,"href":"https:\/\/nueva.hvdes.com\/nueva\/wp-json\/wp\/v2\/comments?post=3494"}],"version-history":[{"count":1,"href":"https:\/\/nueva.hvdes.com\/nueva\/wp-json\/wp\/v2\/product\/3494\/revisions"}],"predecessor-version":[{"id":3496,"href":"https:\/\/nueva.hvdes.com\/nueva\/wp-json\/wp\/v2\/product\/3494\/revisions\/3496"}],"wp:featuredmedia":[{"embeddable":true,"href":"https:\/\/nueva.hvdes.com\/nueva\/wp-json\/wp\/v2\/media\/3495"}],"wp:attachment":[{"href":"https:\/\/nueva.hvdes.com\/nueva\/wp-json\/wp\/v2\/media?parent=3494"}],"wp:term":[{"taxonomy":"product_brand","embeddable":true,"href":"https:\/\/nueva.hvdes.com\/nueva\/wp-json\/wp\/v2\/product_brand?post=3494"},{"taxonomy":"product_cat","embeddable":true,"href":"https:\/\/nueva.hvdes.com\/nueva\/wp-json\/wp\/v2\/product_cat?post=3494"},{"taxonomy":"product_tag","embeddable":true,"href":"https:\/\/nueva.hvdes.com\/nueva\/wp-json\/wp\/v2\/product_tag?post=3494"}],"curies":[{"name":"wp","href":"https:\/\/api.w.org\/{rel}","templated":true}]}}