{"id":3418,"date":"2025-01-23T19:22:19","date_gmt":"2025-01-23T19:22:19","guid":{"rendered":"https:\/\/nueva.hvdes.com\/nueva\/?post_type=product&#038;p=3418"},"modified":"2025-01-23T19:49:57","modified_gmt":"2025-01-23T19:49:57","slug":"balanced-adulto-razas-grandes-20-kilos","status":"publish","type":"product","link":"https:\/\/nueva.hvdes.com\/nueva\/producto\/balanced-adulto-razas-grandes-20-kilos\/","title":{"rendered":"Balanced Adulto Razas Grandes 20 Kilos"},"content":{"rendered":"<p>Balanced Adulto Razas Grandes 20 Kilos<\/p>\n<p>\u00abEl alimento Balanced adulto para perros de raza grande viene en un formato<\/p>\n<p>de 20 kg y est\u00e1 dise\u00f1ado espec\u00edficamente para cumplir con las necesidades nutricionales<\/p>\n<p>de perros adultos de tama\u00f1o grande. Este producto est\u00e1 formulado para proporcionar un<\/p>\n<p>programa de equilibrio saludable y puede ser \u00fatil para perros con sobrepeso o tendencia a ganarlo\u00bb<\/p>\n<p>&nbsp;<\/p>\n","protected":false},"excerpt":{"rendered":"<table class=\"group Especificaciones\" style=\"height: 212px;\" width=\"1702\" cellspacing=\"0\">\n<tbody>\n<tr class=\"even\">\n<th class=\"name-field Marca\">Marca<\/th>\n<td class=\"value-field Marca\">Vital Can<\/td>\n<\/tr>\n<tr>\n<th class=\"name-field Incluye\">Incluye<\/th>\n<td class=\"value-field Incluye\">1 Bulto de alimento<\/td>\n<\/tr>\n<tr class=\"even\">\n<th class=\"name-field Nota\">Nota<\/th>\n<td class=\"value-field Nota\">Color puede variar dependiendo del monitor que se observe.<\/td>\n<\/tr>\n<tr>\n<th class=\"name-field Uso\">Uso<\/th>\n<td class=\"value-field Uso\">Balanceados<\/td>\n<\/tr>\n<\/tbody>\n<\/table>\n","protected":false},"featured_media":3424,"comment_status":"open","ping_status":"closed","template":"","meta":{"_uag_custom_page_level_css":"","site-sidebar-layout":"default","site-content-layout":"","ast-site-content-layout":"default","site-content-style":"default","site-sidebar-style":"default","ast-global-header-display":"","ast-banner-title-visibility":"","ast-main-header-display":"","ast-hfb-above-header-display":"","ast-hfb-below-header-display":"","ast-hfb-mobile-header-display":"","site-post-title":"","ast-breadcrumbs-content":"","ast-featured-img":"","footer-sml-layout":"","theme-transparent-header-meta":"default","adv-header-id-meta":"","stick-header-meta":"","header-above-stick-meta":"","header-main-stick-meta":"","header-below-stick-meta":"","astra-migrate-meta-layouts":"set","ast-page-background-enabled":"default","ast-page-background-meta":{"desktop":{"background-color":"var(--ast-global-color-4)","background-image":"","background-repeat":"repeat","background-position":"center center","background-size":"auto","background-attachment":"scroll","background-type":"","background-media":"","overlay-type":"","overlay-color":"","overlay-opacity":"","overlay-gradient":""},"tablet":{"background-color":"","background-image":"","background-repeat":"repeat","background-position":"center center","background-size":"auto","background-attachment":"scroll","background-type":"","background-media":"","overlay-type":"","overlay-color":"","overlay-opacity":"","overlay-gradient":""},"mobile":{"background-color":"","background-image":"","background-repeat":"repeat","background-position":"center center","background-size":"auto","background-attachment":"scroll","background-type":"","background-media":"","overlay-type":"","overlay-color":"","overlay-opacity":"","overlay-gradient":""}},"ast-content-background-meta":{"desktop":{"background-color":"var(--ast-global-color-5)","background-image":"","background-repeat":"repeat","background-position":"center center","background-size":"auto","background-attachment":"scroll","background-type":"","background-media":"","overlay-type":"","overlay-color":"","overlay-opacity":"","overlay-gradient":""},"tablet":{"background-color":"var(--ast-global-color-5)","background-image":"","background-repeat":"repeat","background-position":"center center","background-size":"auto","background-attachment":"scroll","background-type":"","background-media":"","overlay-type":"","overlay-color":"","overlay-opacity":"","overlay-gradient":""},"mobile":{"background-color":"var(--ast-global-color-5)","background-image":"","background-repeat":"repeat","background-position":"center center","background-size":"auto","background-attachment":"scroll","background-type":"","background-media":"","overlay-type":"","overlay-color":"","overlay-opacity":"","overlay-gradient":""}}},"product_brand":[],"product_cat":[67],"product_tag":[],"class_list":{"0":"post-3418","1":"product","2":"type-product","3":"status-publish","4":"has-post-thumbnail","6":"product_cat-alimento-super-premiun","7":"desktop-align-left","8":"tablet-align-left","9":"mobile-align-left","11":"first","12":"instock","13":"shipping-taxable","14":"purchasable","15":"product-type-simple"},"yoast_head":"<!-- This site is optimized with the Yoast SEO Premium plugin v24.3 (Yoast SEO v24.3) - https:\/\/yoast.com\/wordpress\/plugins\/seo\/ -->\n<title>Balanced Adulto Razas Grandes 20 Kilos - Hospital Veterinario Sinai<\/title>\n<meta name=\"robots\" content=\"index, follow, max-snippet:-1, max-image-preview:large, max-video-preview:-1\" \/>\n<link rel=\"canonical\" href=\"https:\/\/nueva.hvdes.com\/nueva\/producto\/balanced-adulto-razas-grandes-20-kilos\/\" \/>\n<meta property=\"og:locale\" content=\"es_ES\" \/>\n<meta property=\"og:type\" content=\"article\" \/>\n<meta property=\"og:title\" content=\"Balanced Adulto Razas Grandes 20 Kilos\" \/>\n<meta property=\"og:description\" content=\"Marca Vital Can   Incluye 1 Bulto de alimento   Nota Color puede variar dependiendo del monitor que se observe.   Uso Balanceados\" \/>\n<meta property=\"og:url\" content=\"https:\/\/nueva.hvdes.com\/nueva\/producto\/balanced-adulto-razas-grandes-20-kilos\/\" \/>\n<meta property=\"og:site_name\" content=\"Hospital Veterinario Sinai\" \/>\n<meta property=\"article:modified_time\" content=\"2025-01-23T19:49:57+00:00\" \/>\n<meta property=\"og:image\" content=\"https:\/\/nueva.hvdes.com\/nueva\/wp-content\/uploads\/2025\/01\/BALANCED-AD-RG-20KG.png\" \/>\n\t<meta property=\"og:image:width\" content=\"409\" \/>\n\t<meta property=\"og:image:height\" content=\"611\" \/>\n\t<meta property=\"og:image:type\" content=\"image\/png\" \/>\n<meta name=\"twitter:card\" content=\"summary_large_image\" \/>\n<meta name=\"twitter:label1\" content=\"Tiempo de lectura\" \/>\n\t<meta name=\"twitter:data1\" content=\"1 minuto\" \/>\n<script type=\"application\/ld+json\" class=\"yoast-schema-graph\">{\"@context\":\"https:\/\/schema.org\",\"@graph\":[{\"@type\":\"WebPage\",\"@id\":\"https:\/\/nueva.hvdes.com\/nueva\/producto\/balanced-adulto-razas-grandes-20-kilos\/\",\"url\":\"https:\/\/nueva.hvdes.com\/nueva\/producto\/balanced-adulto-razas-grandes-20-kilos\/\",\"name\":\"Balanced Adulto Razas Grandes 20 Kilos - Hospital Veterinario Sinai\",\"isPartOf\":{\"@id\":\"https:\/\/nueva.hvdes.com\/nueva\/#website\"},\"primaryImageOfPage\":{\"@id\":\"https:\/\/nueva.hvdes.com\/nueva\/producto\/balanced-adulto-razas-grandes-20-kilos\/#primaryimage\"},\"image\":{\"@id\":\"https:\/\/nueva.hvdes.com\/nueva\/producto\/balanced-adulto-razas-grandes-20-kilos\/#primaryimage\"},\"thumbnailUrl\":\"https:\/\/nueva.hvdes.com\/nueva\/wp-content\/uploads\/2025\/01\/BALANCED-AD-RG-20KG.png\",\"datePublished\":\"2025-01-23T19:22:19+00:00\",\"dateModified\":\"2025-01-23T19:49:57+00:00\",\"breadcrumb\":{\"@id\":\"https:\/\/nueva.hvdes.com\/nueva\/producto\/balanced-adulto-razas-grandes-20-kilos\/#breadcrumb\"},\"inLanguage\":\"es\",\"potentialAction\":[{\"@type\":\"ReadAction\",\"target\":[\"https:\/\/nueva.hvdes.com\/nueva\/producto\/balanced-adulto-razas-grandes-20-kilos\/\"]}]},{\"@type\":\"ImageObject\",\"inLanguage\":\"es\",\"@id\":\"https:\/\/nueva.hvdes.com\/nueva\/producto\/balanced-adulto-razas-grandes-20-kilos\/#primaryimage\",\"url\":\"https:\/\/nueva.hvdes.com\/nueva\/wp-content\/uploads\/2025\/01\/BALANCED-AD-RG-20KG.png\",\"contentUrl\":\"https:\/\/nueva.hvdes.com\/nueva\/wp-content\/uploads\/2025\/01\/BALANCED-AD-RG-20KG.png\",\"width\":409,\"height\":611,\"caption\":\"El alimento Balanced adulto para perros de raza grande viene en un formato de 20 kg\"},{\"@type\":\"BreadcrumbList\",\"@id\":\"https:\/\/nueva.hvdes.com\/nueva\/producto\/balanced-adulto-razas-grandes-20-kilos\/#breadcrumb\",\"itemListElement\":[{\"@type\":\"ListItem\",\"position\":1,\"name\":\"Portada\",\"item\":\"https:\/\/nueva.hvdes.com\/nueva\/\"},{\"@type\":\"ListItem\",\"position\":2,\"name\":\"Tienda Perros\",\"item\":\"https:\/\/nueva.hvdes.com\/nueva\/tienda\/\"},{\"@type\":\"ListItem\",\"position\":3,\"name\":\"Balanced Adulto Razas Grandes 20 Kilos\"}]},{\"@type\":\"WebSite\",\"@id\":\"https:\/\/nueva.hvdes.com\/nueva\/#website\",\"url\":\"https:\/\/nueva.hvdes.com\/nueva\/\",\"name\":\"Hospital Veterinario Sinai\",\"description\":\"\",\"publisher\":{\"@id\":\"https:\/\/nueva.hvdes.com\/nueva\/#organization\"},\"potentialAction\":[{\"@type\":\"SearchAction\",\"target\":{\"@type\":\"EntryPoint\",\"urlTemplate\":\"https:\/\/nueva.hvdes.com\/nueva\/?s={search_term_string}\"},\"query-input\":{\"@type\":\"PropertyValueSpecification\",\"valueRequired\":true,\"valueName\":\"search_term_string\"}}],\"inLanguage\":\"es\"},{\"@type\":\"Organization\",\"@id\":\"https:\/\/nueva.hvdes.com\/nueva\/#organization\",\"name\":\"Hospital Veterinario Sinai\",\"url\":\"https:\/\/nueva.hvdes.com\/nueva\/\",\"logo\":{\"@type\":\"ImageObject\",\"inLanguage\":\"es\",\"@id\":\"https:\/\/nueva.hvdes.com\/nueva\/#\/schema\/logo\/image\/\",\"url\":\"https:\/\/nueva.hvdes.com\/nueva\/wp-content\/uploads\/2024\/02\/LOGO-HVDES-PNG-1.png\",\"contentUrl\":\"https:\/\/nueva.hvdes.com\/nueva\/wp-content\/uploads\/2024\/02\/LOGO-HVDES-PNG-1.png\",\"width\":1920,\"height\":418,\"caption\":\"Hospital Veterinario Sinai\"},\"image\":{\"@id\":\"https:\/\/nueva.hvdes.com\/nueva\/#\/schema\/logo\/image\/\"}}]}<\/script>\n<!-- \/ Yoast SEO Premium plugin. -->","yoast_head_json":{"title":"Balanced Adulto Razas Grandes 20 Kilos - Hospital Veterinario Sinai","robots":{"index":"index","follow":"follow","max-snippet":"max-snippet:-1","max-image-preview":"max-image-preview:large","max-video-preview":"max-video-preview:-1"},"canonical":"https:\/\/nueva.hvdes.com\/nueva\/producto\/balanced-adulto-razas-grandes-20-kilos\/","og_locale":"es_ES","og_type":"article","og_title":"Balanced Adulto Razas Grandes 20 Kilos","og_description":"Marca Vital Can   Incluye 1 Bulto de alimento   Nota Color puede variar dependiendo del monitor que se observe.   Uso Balanceados","og_url":"https:\/\/nueva.hvdes.com\/nueva\/producto\/balanced-adulto-razas-grandes-20-kilos\/","og_site_name":"Hospital Veterinario Sinai","article_modified_time":"2025-01-23T19:49:57+00:00","og_image":[{"width":409,"height":611,"url":"https:\/\/nueva.hvdes.com\/nueva\/wp-content\/uploads\/2025\/01\/BALANCED-AD-RG-20KG.png","type":"image\/png"}],"twitter_card":"summary_large_image","twitter_misc":{"Tiempo de lectura":"1 minuto"},"schema":{"@context":"https:\/\/schema.org","@graph":[{"@type":"WebPage","@id":"https:\/\/nueva.hvdes.com\/nueva\/producto\/balanced-adulto-razas-grandes-20-kilos\/","url":"https:\/\/nueva.hvdes.com\/nueva\/producto\/balanced-adulto-razas-grandes-20-kilos\/","name":"Balanced Adulto Razas Grandes 20 Kilos - Hospital Veterinario Sinai","isPartOf":{"@id":"https:\/\/nueva.hvdes.com\/nueva\/#website"},"primaryImageOfPage":{"@id":"https:\/\/nueva.hvdes.com\/nueva\/producto\/balanced-adulto-razas-grandes-20-kilos\/#primaryimage"},"image":{"@id":"https:\/\/nueva.hvdes.com\/nueva\/producto\/balanced-adulto-razas-grandes-20-kilos\/#primaryimage"},"thumbnailUrl":"https:\/\/nueva.hvdes.com\/nueva\/wp-content\/uploads\/2025\/01\/BALANCED-AD-RG-20KG.png","datePublished":"2025-01-23T19:22:19+00:00","dateModified":"2025-01-23T19:49:57+00:00","breadcrumb":{"@id":"https:\/\/nueva.hvdes.com\/nueva\/producto\/balanced-adulto-razas-grandes-20-kilos\/#breadcrumb"},"inLanguage":"es","potentialAction":[{"@type":"ReadAction","target":["https:\/\/nueva.hvdes.com\/nueva\/producto\/balanced-adulto-razas-grandes-20-kilos\/"]}]},{"@type":"ImageObject","inLanguage":"es","@id":"https:\/\/nueva.hvdes.com\/nueva\/producto\/balanced-adulto-razas-grandes-20-kilos\/#primaryimage","url":"https:\/\/nueva.hvdes.com\/nueva\/wp-content\/uploads\/2025\/01\/BALANCED-AD-RG-20KG.png","contentUrl":"https:\/\/nueva.hvdes.com\/nueva\/wp-content\/uploads\/2025\/01\/BALANCED-AD-RG-20KG.png","width":409,"height":611,"caption":"El alimento Balanced adulto para perros de raza grande viene en un formato de 20 kg"},{"@type":"BreadcrumbList","@id":"https:\/\/nueva.hvdes.com\/nueva\/producto\/balanced-adulto-razas-grandes-20-kilos\/#breadcrumb","itemListElement":[{"@type":"ListItem","position":1,"name":"Portada","item":"https:\/\/nueva.hvdes.com\/nueva\/"},{"@type":"ListItem","position":2,"name":"Tienda Perros","item":"https:\/\/nueva.hvdes.com\/nueva\/tienda\/"},{"@type":"ListItem","position":3,"name":"Balanced Adulto Razas Grandes 20 Kilos"}]},{"@type":"WebSite","@id":"https:\/\/nueva.hvdes.com\/nueva\/#website","url":"https:\/\/nueva.hvdes.com\/nueva\/","name":"Hospital Veterinario Sinai","description":"","publisher":{"@id":"https:\/\/nueva.hvdes.com\/nueva\/#organization"},"potentialAction":[{"@type":"SearchAction","target":{"@type":"EntryPoint","urlTemplate":"https:\/\/nueva.hvdes.com\/nueva\/?s={search_term_string}"},"query-input":{"@type":"PropertyValueSpecification","valueRequired":true,"valueName":"search_term_string"}}],"inLanguage":"es"},{"@type":"Organization","@id":"https:\/\/nueva.hvdes.com\/nueva\/#organization","name":"Hospital Veterinario Sinai","url":"https:\/\/nueva.hvdes.com\/nueva\/","logo":{"@type":"ImageObject","inLanguage":"es","@id":"https:\/\/nueva.hvdes.com\/nueva\/#\/schema\/logo\/image\/","url":"https:\/\/nueva.hvdes.com\/nueva\/wp-content\/uploads\/2024\/02\/LOGO-HVDES-PNG-1.png","contentUrl":"https:\/\/nueva.hvdes.com\/nueva\/wp-content\/uploads\/2024\/02\/LOGO-HVDES-PNG-1.png","width":1920,"height":418,"caption":"Hospital Veterinario Sinai"},"image":{"@id":"https:\/\/nueva.hvdes.com\/nueva\/#\/schema\/logo\/image\/"}}]}},"uagb_featured_image_src":{"full":["https:\/\/nueva.hvdes.com\/nueva\/wp-content\/uploads\/2025\/01\/BALANCED-AD-RG-20KG.png",409,611,false],"thumbnail":["https:\/\/nueva.hvdes.com\/nueva\/wp-content\/uploads\/2025\/01\/BALANCED-AD-RG-20KG-150x150.png",150,150,true],"medium":["https:\/\/nueva.hvdes.com\/nueva\/wp-content\/uploads\/2025\/01\/BALANCED-AD-RG-20KG-201x300.png",201,300,true],"medium_large":["https:\/\/nueva.hvdes.com\/nueva\/wp-content\/uploads\/2025\/01\/BALANCED-AD-RG-20KG.png",409,611,false],"large":["https:\/\/nueva.hvdes.com\/nueva\/wp-content\/uploads\/2025\/01\/BALANCED-AD-RG-20KG.png",409,611,false],"1536x1536":["https:\/\/nueva.hvdes.com\/nueva\/wp-content\/uploads\/2025\/01\/BALANCED-AD-RG-20KG.png",409,611,false],"2048x2048":["https:\/\/nueva.hvdes.com\/nueva\/wp-content\/uploads\/2025\/01\/BALANCED-AD-RG-20KG.png",409,611,false],"woocommerce_thumbnail":["https:\/\/nueva.hvdes.com\/nueva\/wp-content\/uploads\/2025\/01\/BALANCED-AD-RG-20KG-300x300.png",300,300,true],"woocommerce_single":["https:\/\/nueva.hvdes.com\/nueva\/wp-content\/uploads\/2025\/01\/BALANCED-AD-RG-20KG.png",409,611,false],"woocommerce_gallery_thumbnail":["https:\/\/nueva.hvdes.com\/nueva\/wp-content\/uploads\/2025\/01\/BALANCED-AD-RG-20KG-100x100.png",100,100,true]},"uagb_author_info":{"display_name":"adminemiro2024","author_link":"https:\/\/nueva.hvdes.com\/nueva\/author\/"},"uagb_comment_info":0,"uagb_excerpt":"Marca Vital Can Incluye 1 Bulto de alimento Nota Color puede variar dependiendo del monitor que se observe. Uso Balanceados","_links":{"self":[{"href":"https:\/\/nueva.hvdes.com\/nueva\/wp-json\/wp\/v2\/product\/3418","targetHints":{"allow":["GET"]}}],"collection":[{"href":"https:\/\/nueva.hvdes.com\/nueva\/wp-json\/wp\/v2\/product"}],"about":[{"href":"https:\/\/nueva.hvdes.com\/nueva\/wp-json\/wp\/v2\/types\/product"}],"replies":[{"embeddable":true,"href":"https:\/\/nueva.hvdes.com\/nueva\/wp-json\/wp\/v2\/comments?post=3418"}],"version-history":[{"count":3,"href":"https:\/\/nueva.hvdes.com\/nueva\/wp-json\/wp\/v2\/product\/3418\/revisions"}],"predecessor-version":[{"id":3426,"href":"https:\/\/nueva.hvdes.com\/nueva\/wp-json\/wp\/v2\/product\/3418\/revisions\/3426"}],"wp:featuredmedia":[{"embeddable":true,"href":"https:\/\/nueva.hvdes.com\/nueva\/wp-json\/wp\/v2\/media\/3424"}],"wp:attachment":[{"href":"https:\/\/nueva.hvdes.com\/nueva\/wp-json\/wp\/v2\/media?parent=3418"}],"wp:term":[{"taxonomy":"product_brand","embeddable":true,"href":"https:\/\/nueva.hvdes.com\/nueva\/wp-json\/wp\/v2\/product_brand?post=3418"},{"taxonomy":"product_cat","embeddable":true,"href":"https:\/\/nueva.hvdes.com\/nueva\/wp-json\/wp\/v2\/product_cat?post=3418"},{"taxonomy":"product_tag","embeddable":true,"href":"https:\/\/nueva.hvdes.com\/nueva\/wp-json\/wp\/v2\/product_tag?post=3418"}],"curies":[{"name":"wp","href":"https:\/\/api.w.org\/{rel}","templated":true}]}}