{"id":891,"date":"2024-03-08T20:45:21","date_gmt":"2024-03-08T20:45:21","guid":{"rendered":"https:\/\/nueva.hvdes.com\/nueva\/?page_id=891"},"modified":"2025-01-31T16:08:57","modified_gmt":"2025-01-31T16:08:57","slug":"antipulgas","status":"publish","type":"page","link":"https:\/\/nueva.hvdes.com\/nueva\/antipulgas\/","title":{"rendered":"Antipulgas"},"content":{"rendered":"\t\t<div data-elementor-type=\"wp-page\" data-elementor-id=\"891\" class=\"elementor elementor-891\" data-elementor-post-type=\"page\">\n\t\t\t\t<div class=\"elementor-element elementor-element-12a0bfaf e-flex e-con-boxed e-con e-parent\" data-id=\"12a0bfaf\" data-element_type=\"container\" data-settings=\"{&quot;background_background&quot;:&quot;classic&quot;}\">\n\t\t\t\t\t<div class=\"e-con-inner\">\n\t\t<div class=\"elementor-element elementor-element-59634a01 e-con-full e-flex e-con e-child\" data-id=\"59634a01\" data-element_type=\"container\">\n\t\t\t\t<div class=\"elementor-element elementor-element-7416d625 elementor-widget-tablet__width-inherit elementor-widget__width-initial elementor-invisible elementor-widget elementor-widget-heading\" data-id=\"7416d625\" data-element_type=\"widget\" data-settings=\"{&quot;_animation&quot;:&quot;fadeIn&quot;}\" data-widget_type=\"heading.default\">\n\t\t\t\t<div class=\"elementor-widget-container\">\n\t\t\t\t\t<h2 class=\"elementor-heading-title elementor-size-default\">Antipulgas <\/h2>\t\t\t\t<\/div>\n\t\t\t\t<\/div>\n\t\t<div class=\"elementor-element elementor-element-5d29275 e-con-full e-flex e-con e-child\" data-id=\"5d29275\" data-element_type=\"container\">\n\t\t\t\t<div class=\"elementor-element elementor-element-6eb8c9e4 elementor-widget-tablet__width-initial elementor-widget-mobile__width-inherit elementor-widget elementor-widget-text-editor\" data-id=\"6eb8c9e4\" data-element_type=\"widget\" data-widget_type=\"text-editor.default\">\n\t\t\t\t<div class=\"elementor-widget-container\">\n\t\t\t\t\t\t\t\t\t<p>Los antipulgas son tratamientos dise\u00f1ados para eliminar y prevenir infestaciones de pulgas en mascotas. Vienen en diversas formas, como tabletas, collares y tratamientos t\u00f3picos, y act\u00faan matando pulgas adultas y larvas. La aplicaci\u00f3n regular es esencial para mantener a las mascotas libres de par\u00e1sitos y evitar reinfestaciones.<\/p>\t\t\t\t\t\t\t\t<\/div>\n\t\t\t\t<\/div>\n\t\t\t\t<div class=\"elementor-element elementor-element-4701cdab elementor-widget elementor-widget-heading\" data-id=\"4701cdab\" data-element_type=\"widget\" data-widget_type=\"heading.default\">\n\t\t\t\t<div class=\"elementor-widget-container\">\n\t\t\t\t\t<h2 class=\"elementor-heading-title elementor-size-default\">Acciones:<\/h2>\t\t\t\t<\/div>\n\t\t\t\t<\/div>\n\t\t\t\t<div class=\"elementor-element elementor-element-7f520ae7 elementor-widget-tablet__width-initial elementor-widget-mobile__width-initial elementor-icon-list--layout-traditional elementor-list-item-link-full_width elementor-widget elementor-widget-icon-list\" data-id=\"7f520ae7\" data-element_type=\"widget\" data-widget_type=\"icon-list.default\">\n\t\t\t\t<div class=\"elementor-widget-container\">\n\t\t\t\t\t\t\t<ul class=\"elementor-icon-list-items\">\n\t\t\t\t\t\t\t<li class=\"elementor-icon-list-item\">\n\t\t\t\t\t\t\t\t\t\t\t<span class=\"elementor-icon-list-icon\">\n\t\t\t\t\t\t\t<svg aria-hidden=\"true\" class=\"e-font-icon-svg e-fas-circle\" viewBox=\"0 0 512 512\" xmlns=\"http:\/\/www.w3.org\/2000\/svg\"><path d=\"M256 8C119 8 8 119 8 256s111 248 248 248 248-111 248-248S393 8 256 8z\"><\/path><\/svg>\t\t\t\t\t\t<\/span>\n\t\t\t\t\t\t\t\t\t\t<span class=\"elementor-icon-list-text\">Prevenci\u00f3n de Infestaciones<\/span>\n\t\t\t\t\t\t\t\t\t<\/li>\n\t\t\t\t\t\t\t\t<li class=\"elementor-icon-list-item\">\n\t\t\t\t\t\t\t\t\t\t\t<span class=\"elementor-icon-list-icon\">\n\t\t\t\t\t\t\t<svg aria-hidden=\"true\" class=\"e-font-icon-svg e-fas-circle\" viewBox=\"0 0 512 512\" xmlns=\"http:\/\/www.w3.org\/2000\/svg\"><path d=\"M256 8C119 8 8 119 8 256s111 248 248 248 248-111 248-248S393 8 256 8z\"><\/path><\/svg>\t\t\t\t\t\t<\/span>\n\t\t\t\t\t\t\t\t\t\t<span class=\"elementor-icon-list-text\">Alivio del Malestar<\/span>\n\t\t\t\t\t\t\t\t\t<\/li>\n\t\t\t\t\t\t\t\t<li class=\"elementor-icon-list-item\">\n\t\t\t\t\t\t\t\t\t\t\t<span class=\"elementor-icon-list-icon\">\n\t\t\t\t\t\t\t<svg aria-hidden=\"true\" class=\"e-font-icon-svg e-fas-circle\" viewBox=\"0 0 512 512\" xmlns=\"http:\/\/www.w3.org\/2000\/svg\"><path d=\"M256 8C119 8 8 119 8 256s111 248 248 248 248-111 248-248S393 8 256 8z\"><\/path><\/svg>\t\t\t\t\t\t<\/span>\n\t\t\t\t\t\t\t\t\t\t<span class=\"elementor-icon-list-text\">Prevenci\u00f3n de Enfermedades<\/span>\n\t\t\t\t\t\t\t\t\t<\/li>\n\t\t\t\t\t\t\t\t<li class=\"elementor-icon-list-item\">\n\t\t\t\t\t\t\t\t\t\t\t<span class=\"elementor-icon-list-icon\">\n\t\t\t\t\t\t\t<svg aria-hidden=\"true\" class=\"e-font-icon-svg e-fas-circle\" viewBox=\"0 0 512 512\" xmlns=\"http:\/\/www.w3.org\/2000\/svg\"><path d=\"M256 8C119 8 8 119 8 256s111 248 248 248 248-111 248-248S393 8 256 8z\"><\/path><\/svg>\t\t\t\t\t\t<\/span>\n\t\t\t\t\t\t\t\t\t\t<span class=\"elementor-icon-list-text\">Control de Par\u00e1sitos Secundarios<\/span>\n\t\t\t\t\t\t\t\t\t<\/li>\n\t\t\t\t\t\t<\/ul>\n\t\t\t\t\t\t<\/div>\n\t\t\t\t<\/div>\n\t\t\t\t<\/div>\n\t\t\t\t<\/div>\n\t\t<div class=\"elementor-element elementor-element-718b30fb e-con-full e-flex e-con e-child\" data-id=\"718b30fb\" data-element_type=\"container\">\n\t\t\t\t<div class=\"elementor-element elementor-element-4d260212 elementor-widget elementor-widget-image\" data-id=\"4d260212\" data-element_type=\"widget\" data-widget_type=\"image.default\">\n\t\t\t\t<div class=\"elementor-widget-container\">\n\t\t\t\t\t\t\t\t\t\t\t\t\t\t\t<img fetchpriority=\"high\" decoding=\"async\" width=\"720\" height=\"679\" src=\"https:\/\/nueva.hvdes.com\/nueva\/wp-content\/uploads\/2025\/01\/sucralfato.jpg\" class=\"attachment-large size-large wp-image-3744\" alt=\"sucralfato veterinario peros y gatos\" srcset=\"https:\/\/nueva.hvdes.com\/nueva\/wp-content\/uploads\/2025\/01\/sucralfato.jpg 720w, https:\/\/nueva.hvdes.com\/nueva\/wp-content\/uploads\/2025\/01\/sucralfato-300x283.jpg 300w, https:\/\/nueva.hvdes.com\/nueva\/wp-content\/uploads\/2025\/01\/sucralfato-600x566.jpg 600w\" sizes=\"(max-width: 720px) 100vw, 720px\" \/>\t\t\t\t\t\t\t\t\t\t\t\t\t\t\t<\/div>\n\t\t\t\t<\/div>\n\t\t\t\t<\/div>\n\t\t\t\t\t<\/div>\n\t\t\t\t<\/div>\n\t\t\t\t<\/div>\n\t\t","protected":false},"excerpt":{"rendered":"<p>Antipulgas Los antipulgas son tratamientos dise\u00f1ados para eliminar y prevenir infestaciones de pulgas en mascotas. Vienen en diversas formas, como tabletas, collares y tratamientos t\u00f3picos, y act\u00faan matando pulgas adultas y larvas. La aplicaci\u00f3n regular es esencial para mantener a las mascotas libres de par\u00e1sitos y evitar reinfestaciones. Acciones: Prevenci\u00f3n de Infestaciones Alivio del Malestar [&hellip;]<\/p>\n","protected":false},"author":1,"featured_media":0,"parent":0,"menu_order":0,"comment_status":"closed","ping_status":"closed","template":"","meta":{"_uag_custom_page_level_css":"","site-sidebar-layout":"no-sidebar","site-content-layout":"","ast-site-content-layout":"full-width-container","site-content-style":"default","site-sidebar-style":"default","ast-global-header-display":"","ast-banner-title-visibility":"","ast-main-header-display":"","ast-hfb-above-header-display":"","ast-hfb-below-header-display":"","ast-hfb-mobile-header-display":"","site-post-title":"disabled","ast-breadcrumbs-content":"","ast-featured-img":"disabled","footer-sml-layout":"","theme-transparent-header-meta":"","adv-header-id-meta":"","stick-header-meta":"","header-above-stick-meta":"","header-main-stick-meta":"","header-below-stick-meta":"","astra-migrate-meta-layouts":"default","ast-page-background-enabled":"default","ast-page-background-meta":{"desktop":{"background-color":"var(--ast-global-color-4)","background-image":"","background-repeat":"repeat","background-position":"center center","background-size":"auto","background-attachment":"scroll","background-type":"","background-media":"","overlay-type":"","overlay-color":"","overlay-opacity":"","overlay-gradient":""},"tablet":{"background-color":"","background-image":"","background-repeat":"repeat","background-position":"center center","background-size":"auto","background-attachment":"scroll","background-type":"","background-media":"","overlay-type":"","overlay-color":"","overlay-opacity":"","overlay-gradient":""},"mobile":{"background-color":"","background-image":"","background-repeat":"repeat","background-position":"center center","background-size":"auto","background-attachment":"scroll","background-type":"","background-media":"","overlay-type":"","overlay-color":"","overlay-opacity":"","overlay-gradient":""}},"ast-content-background-meta":{"desktop":{"background-color":"var(--ast-global-color-5)","background-image":"","background-repeat":"repeat","background-position":"center center","background-size":"auto","background-attachment":"scroll","background-type":"","background-media":"","overlay-type":"","overlay-color":"","overlay-opacity":"","overlay-gradient":""},"tablet":{"background-color":"var(--ast-global-color-5)","background-image":"","background-repeat":"repeat","background-position":"center center","background-size":"auto","background-attachment":"scroll","background-type":"","background-media":"","overlay-type":"","overlay-color":"","overlay-opacity":"","overlay-gradient":""},"mobile":{"background-color":"var(--ast-global-color-5)","background-image":"","background-repeat":"repeat","background-position":"center center","background-size":"auto","background-attachment":"scroll","background-type":"","background-media":"","overlay-type":"","overlay-color":"","overlay-opacity":"","overlay-gradient":""}},"footnotes":""},"class_list":["post-891","page","type-page","status-publish","hentry"],"yoast_head":"<!-- This site is optimized with the Yoast SEO Premium plugin v24.3 (Yoast SEO v24.3) - https:\/\/yoast.com\/wordpress\/plugins\/seo\/ -->\n<title>Antipulgas - Hospital Veterinario Sinai<\/title>\n<meta name=\"description\" content=\"Protege a tu mascota con nuestros productos antipulgas de alta calidad. Mant\u00e9n a raya las pulgas y brinda bienestar a tu peludo amigo.\" \/>\n<meta name=\"robots\" content=\"index, follow, max-snippet:-1, max-image-preview:large, max-video-preview:-1\" \/>\n<link rel=\"canonical\" href=\"https:\/\/nueva.hvdes.com\/nueva\/antipulgas\/\" \/>\n<meta property=\"og:locale\" content=\"es_ES\" \/>\n<meta property=\"og:type\" content=\"article\" \/>\n<meta property=\"og:title\" content=\"Antipulgas\" \/>\n<meta property=\"og:description\" content=\"Protege a tu mascota con nuestros productos antipulgas de alta calidad. Mant\u00e9n a raya las pulgas y brinda bienestar a tu peludo amigo.\" \/>\n<meta property=\"og:url\" content=\"https:\/\/nueva.hvdes.com\/nueva\/antipulgas\/\" \/>\n<meta property=\"og:site_name\" content=\"Hospital Veterinario Sinai\" \/>\n<meta property=\"article:modified_time\" content=\"2025-01-31T16:08:57+00:00\" \/>\n<meta property=\"og:image\" content=\"https:\/\/nueva.hvdes.com\/nueva\/wp-content\/uploads\/2025\/01\/sucralfato.jpg\" \/>\n\t<meta property=\"og:image:width\" content=\"720\" \/>\n\t<meta property=\"og:image:height\" content=\"679\" \/>\n\t<meta property=\"og:image:type\" content=\"image\/jpeg\" \/>\n<meta name=\"twitter:card\" content=\"summary_large_image\" \/>\n<meta name=\"twitter:label1\" content=\"Tiempo de lectura\" \/>\n\t<meta name=\"twitter:data1\" content=\"1 minuto\" \/>\n<script type=\"application\/ld+json\" class=\"yoast-schema-graph\">{\"@context\":\"https:\/\/schema.org\",\"@graph\":[{\"@type\":\"WebPage\",\"@id\":\"https:\/\/nueva.hvdes.com\/nueva\/antipulgas\/\",\"url\":\"https:\/\/nueva.hvdes.com\/nueva\/antipulgas\/\",\"name\":\"Antipulgas - Hospital Veterinario Sinai\",\"isPartOf\":{\"@id\":\"https:\/\/nueva.hvdes.com\/nueva\/#website\"},\"primaryImageOfPage\":{\"@id\":\"https:\/\/nueva.hvdes.com\/nueva\/antipulgas\/#primaryimage\"},\"image\":{\"@id\":\"https:\/\/nueva.hvdes.com\/nueva\/antipulgas\/#primaryimage\"},\"thumbnailUrl\":\"https:\/\/nueva.hvdes.com\/nueva\/wp-content\/uploads\/2025\/01\/sucralfato.jpg\",\"datePublished\":\"2024-03-08T20:45:21+00:00\",\"dateModified\":\"2025-01-31T16:08:57+00:00\",\"description\":\"Protege a tu mascota con nuestros productos antipulgas de alta calidad. Mant\u00e9n a raya las pulgas y brinda bienestar a tu peludo amigo.\",\"breadcrumb\":{\"@id\":\"https:\/\/nueva.hvdes.com\/nueva\/antipulgas\/#breadcrumb\"},\"inLanguage\":\"es\",\"potentialAction\":[{\"@type\":\"ReadAction\",\"target\":[\"https:\/\/nueva.hvdes.com\/nueva\/antipulgas\/\"]}]},{\"@type\":\"ImageObject\",\"inLanguage\":\"es\",\"@id\":\"https:\/\/nueva.hvdes.com\/nueva\/antipulgas\/#primaryimage\",\"url\":\"https:\/\/nueva.hvdes.com\/nueva\/wp-content\/uploads\/2025\/01\/sucralfato.jpg\",\"contentUrl\":\"https:\/\/nueva.hvdes.com\/nueva\/wp-content\/uploads\/2025\/01\/sucralfato.jpg\",\"width\":720,\"height\":679,\"caption\":\"sucralfato veterinario peros y gatos\"},{\"@type\":\"BreadcrumbList\",\"@id\":\"https:\/\/nueva.hvdes.com\/nueva\/antipulgas\/#breadcrumb\",\"itemListElement\":[{\"@type\":\"ListItem\",\"position\":1,\"name\":\"Portada\",\"item\":\"https:\/\/nueva.hvdes.com\/nueva\/\"},{\"@type\":\"ListItem\",\"position\":2,\"name\":\"Antipulgas\"}]},{\"@type\":\"WebSite\",\"@id\":\"https:\/\/nueva.hvdes.com\/nueva\/#website\",\"url\":\"https:\/\/nueva.hvdes.com\/nueva\/\",\"name\":\"Hospital Veterinario Sinai\",\"description\":\"\",\"publisher\":{\"@id\":\"https:\/\/nueva.hvdes.com\/nueva\/#organization\"},\"potentialAction\":[{\"@type\":\"SearchAction\",\"target\":{\"@type\":\"EntryPoint\",\"urlTemplate\":\"https:\/\/nueva.hvdes.com\/nueva\/?s={search_term_string}\"},\"query-input\":{\"@type\":\"PropertyValueSpecification\",\"valueRequired\":true,\"valueName\":\"search_term_string\"}}],\"inLanguage\":\"es\"},{\"@type\":\"Organization\",\"@id\":\"https:\/\/nueva.hvdes.com\/nueva\/#organization\",\"name\":\"Hospital Veterinario Sinai\",\"url\":\"https:\/\/nueva.hvdes.com\/nueva\/\",\"logo\":{\"@type\":\"ImageObject\",\"inLanguage\":\"es\",\"@id\":\"https:\/\/nueva.hvdes.com\/nueva\/#\/schema\/logo\/image\/\",\"url\":\"https:\/\/nueva.hvdes.com\/nueva\/wp-content\/uploads\/2024\/02\/LOGO-HVDES-PNG-1.png\",\"contentUrl\":\"https:\/\/nueva.hvdes.com\/nueva\/wp-content\/uploads\/2024\/02\/LOGO-HVDES-PNG-1.png\",\"width\":1920,\"height\":418,\"caption\":\"Hospital Veterinario Sinai\"},\"image\":{\"@id\":\"https:\/\/nueva.hvdes.com\/nueva\/#\/schema\/logo\/image\/\"}}]}<\/script>\n<!-- \/ Yoast SEO Premium plugin. -->","yoast_head_json":{"title":"Antipulgas - Hospital Veterinario Sinai","description":"Protege a tu mascota con nuestros productos antipulgas de alta calidad. Mant\u00e9n a raya las pulgas y brinda bienestar a tu peludo amigo.","robots":{"index":"index","follow":"follow","max-snippet":"max-snippet:-1","max-image-preview":"max-image-preview:large","max-video-preview":"max-video-preview:-1"},"canonical":"https:\/\/nueva.hvdes.com\/nueva\/antipulgas\/","og_locale":"es_ES","og_type":"article","og_title":"Antipulgas","og_description":"Protege a tu mascota con nuestros productos antipulgas de alta calidad. Mant\u00e9n a raya las pulgas y brinda bienestar a tu peludo amigo.","og_url":"https:\/\/nueva.hvdes.com\/nueva\/antipulgas\/","og_site_name":"Hospital Veterinario Sinai","article_modified_time":"2025-01-31T16:08:57+00:00","og_image":[{"width":720,"height":679,"url":"https:\/\/nueva.hvdes.com\/nueva\/wp-content\/uploads\/2025\/01\/sucralfato.jpg","type":"image\/jpeg"}],"twitter_card":"summary_large_image","twitter_misc":{"Tiempo de lectura":"1 minuto"},"schema":{"@context":"https:\/\/schema.org","@graph":[{"@type":"WebPage","@id":"https:\/\/nueva.hvdes.com\/nueva\/antipulgas\/","url":"https:\/\/nueva.hvdes.com\/nueva\/antipulgas\/","name":"Antipulgas - Hospital Veterinario Sinai","isPartOf":{"@id":"https:\/\/nueva.hvdes.com\/nueva\/#website"},"primaryImageOfPage":{"@id":"https:\/\/nueva.hvdes.com\/nueva\/antipulgas\/#primaryimage"},"image":{"@id":"https:\/\/nueva.hvdes.com\/nueva\/antipulgas\/#primaryimage"},"thumbnailUrl":"https:\/\/nueva.hvdes.com\/nueva\/wp-content\/uploads\/2025\/01\/sucralfato.jpg","datePublished":"2024-03-08T20:45:21+00:00","dateModified":"2025-01-31T16:08:57+00:00","description":"Protege a tu mascota con nuestros productos antipulgas de alta calidad. Mant\u00e9n a raya las pulgas y brinda bienestar a tu peludo amigo.","breadcrumb":{"@id":"https:\/\/nueva.hvdes.com\/nueva\/antipulgas\/#breadcrumb"},"inLanguage":"es","potentialAction":[{"@type":"ReadAction","target":["https:\/\/nueva.hvdes.com\/nueva\/antipulgas\/"]}]},{"@type":"ImageObject","inLanguage":"es","@id":"https:\/\/nueva.hvdes.com\/nueva\/antipulgas\/#primaryimage","url":"https:\/\/nueva.hvdes.com\/nueva\/wp-content\/uploads\/2025\/01\/sucralfato.jpg","contentUrl":"https:\/\/nueva.hvdes.com\/nueva\/wp-content\/uploads\/2025\/01\/sucralfato.jpg","width":720,"height":679,"caption":"sucralfato veterinario peros y gatos"},{"@type":"BreadcrumbList","@id":"https:\/\/nueva.hvdes.com\/nueva\/antipulgas\/#breadcrumb","itemListElement":[{"@type":"ListItem","position":1,"name":"Portada","item":"https:\/\/nueva.hvdes.com\/nueva\/"},{"@type":"ListItem","position":2,"name":"Antipulgas"}]},{"@type":"WebSite","@id":"https:\/\/nueva.hvdes.com\/nueva\/#website","url":"https:\/\/nueva.hvdes.com\/nueva\/","name":"Hospital Veterinario Sinai","description":"","publisher":{"@id":"https:\/\/nueva.hvdes.com\/nueva\/#organization"},"potentialAction":[{"@type":"SearchAction","target":{"@type":"EntryPoint","urlTemplate":"https:\/\/nueva.hvdes.com\/nueva\/?s={search_term_string}"},"query-input":{"@type":"PropertyValueSpecification","valueRequired":true,"valueName":"search_term_string"}}],"inLanguage":"es"},{"@type":"Organization","@id":"https:\/\/nueva.hvdes.com\/nueva\/#organization","name":"Hospital Veterinario Sinai","url":"https:\/\/nueva.hvdes.com\/nueva\/","logo":{"@type":"ImageObject","inLanguage":"es","@id":"https:\/\/nueva.hvdes.com\/nueva\/#\/schema\/logo\/image\/","url":"https:\/\/nueva.hvdes.com\/nueva\/wp-content\/uploads\/2024\/02\/LOGO-HVDES-PNG-1.png","contentUrl":"https:\/\/nueva.hvdes.com\/nueva\/wp-content\/uploads\/2024\/02\/LOGO-HVDES-PNG-1.png","width":1920,"height":418,"caption":"Hospital Veterinario Sinai"},"image":{"@id":"https:\/\/nueva.hvdes.com\/nueva\/#\/schema\/logo\/image\/"}}]}},"uagb_featured_image_src":{"full":false,"thumbnail":false,"medium":false,"medium_large":false,"large":false,"1536x1536":false,"2048x2048":false,"woocommerce_thumbnail":false,"woocommerce_single":false,"woocommerce_gallery_thumbnail":false},"uagb_author_info":{"display_name":"adminemiro2024","author_link":"https:\/\/nueva.hvdes.com\/nueva\/author\/adminemiro2024\/"},"uagb_comment_info":0,"uagb_excerpt":"Antipulgas Los antipulgas son tratamientos dise\u00f1ados para eliminar y prevenir infestaciones de pulgas en mascotas. Vienen en diversas formas, como tabletas, collares y tratamientos t\u00f3picos, y act\u00faan matando pulgas adultas y larvas. La aplicaci\u00f3n regular es esencial para mantener a las mascotas libres de par\u00e1sitos y evitar reinfestaciones. Acciones: Prevenci\u00f3n de Infestaciones Alivio del Malestar&hellip;","_links":{"self":[{"href":"https:\/\/nueva.hvdes.com\/nueva\/wp-json\/wp\/v2\/pages\/891","targetHints":{"allow":["GET"]}}],"collection":[{"href":"https:\/\/nueva.hvdes.com\/nueva\/wp-json\/wp\/v2\/pages"}],"about":[{"href":"https:\/\/nueva.hvdes.com\/nueva\/wp-json\/wp\/v2\/types\/page"}],"author":[{"embeddable":true,"href":"https:\/\/nueva.hvdes.com\/nueva\/wp-json\/wp\/v2\/users\/1"}],"replies":[{"embeddable":true,"href":"https:\/\/nueva.hvdes.com\/nueva\/wp-json\/wp\/v2\/comments?post=891"}],"version-history":[{"count":16,"href":"https:\/\/nueva.hvdes.com\/nueva\/wp-json\/wp\/v2\/pages\/891\/revisions"}],"predecessor-version":[{"id":3747,"href":"https:\/\/nueva.hvdes.com\/nueva\/wp-json\/wp\/v2\/pages\/891\/revisions\/3747"}],"wp:attachment":[{"href":"https:\/\/nueva.hvdes.com\/nueva\/wp-json\/wp\/v2\/media?parent=891"}],"curies":[{"name":"wp","href":"https:\/\/api.w.org\/{rel}","templated":true}]}}