{"id":880,"date":"2024-03-08T20:39:44","date_gmt":"2024-03-08T20:39:44","guid":{"rendered":"https:\/\/nueva.hvdes.com\/nueva\/?page_id=880"},"modified":"2025-01-31T14:36:12","modified_gmt":"2025-01-31T14:36:12","slug":"terapia-fotonica","status":"publish","type":"page","link":"https:\/\/nueva.hvdes.com\/nueva\/terapia-fotonica\/","title":{"rendered":"Terapia Fot\u00f3nica"},"content":{"rendered":"\t\t<div data-elementor-type=\"wp-page\" data-elementor-id=\"880\" class=\"elementor elementor-880\" data-elementor-post-type=\"page\">\n\t\t\t\t<div class=\"elementor-element elementor-element-4d92bc06 e-flex e-con-boxed e-con e-parent\" data-id=\"4d92bc06\" data-element_type=\"container\" data-settings=\"{&quot;background_background&quot;:&quot;classic&quot;}\">\n\t\t\t\t\t<div class=\"e-con-inner\">\n\t\t<div class=\"elementor-element elementor-element-23ad43d2 e-con-full e-flex e-con e-child\" data-id=\"23ad43d2\" data-element_type=\"container\">\n\t\t\t\t<div class=\"elementor-element elementor-element-2fd77482 elementor-widget-tablet__width-inherit elementor-widget__width-initial elementor-invisible elementor-widget elementor-widget-heading\" data-id=\"2fd77482\" data-element_type=\"widget\" data-settings=\"{&quot;_animation&quot;:&quot;fadeIn&quot;}\" data-widget_type=\"heading.default\">\n\t\t\t\t<div class=\"elementor-widget-container\">\n\t\t\t\t\t<h2 class=\"elementor-heading-title elementor-size-default\">Terapia fot\u00f3nica <\/h2>\t\t\t\t<\/div>\n\t\t\t\t<\/div>\n\t\t<div class=\"elementor-element elementor-element-5f3fc577 e-con-full e-flex e-con e-child\" data-id=\"5f3fc577\" data-element_type=\"container\">\n\t\t\t\t<div class=\"elementor-element elementor-element-639dfad5 elementor-widget-tablet__width-initial elementor-widget-mobile__width-inherit elementor-widget elementor-widget-text-editor\" data-id=\"639dfad5\" data-element_type=\"widget\" data-widget_type=\"text-editor.default\">\n\t\t\t\t<div class=\"elementor-widget-container\">\n\t\t\t\t\t\t\t\t\t<p>Utilizamos tecnolog\u00eda avanzada para ofrecer una soluci\u00f3n eficaz y no invasiva para una variedad de problemas de salud. La terapia fot\u00f3nica, tambi\u00e9n conocida como terapia con luz l\u00e1ser, emplea luz de baja intensidad para estimular la curaci\u00f3n natural del cuerpo, reducir la inflamaci\u00f3n y aliviar el dolor.<\/p>\t\t\t\t\t\t\t\t<\/div>\n\t\t\t\t<\/div>\n\t\t\t\t<div class=\"elementor-element elementor-element-30db4e0e elementor-widget elementor-widget-heading\" data-id=\"30db4e0e\" data-element_type=\"widget\" data-widget_type=\"heading.default\">\n\t\t\t\t<div class=\"elementor-widget-container\">\n\t\t\t\t\t<h2 class=\"elementor-heading-title elementor-size-default\">Nuestro enfoque incluye:<\/h2>\t\t\t\t<\/div>\n\t\t\t\t<\/div>\n\t\t\t\t<div class=\"elementor-element elementor-element-51d6878b elementor-widget-tablet__width-initial elementor-widget-mobile__width-initial elementor-icon-list--layout-traditional elementor-list-item-link-full_width elementor-widget elementor-widget-icon-list\" data-id=\"51d6878b\" data-element_type=\"widget\" data-widget_type=\"icon-list.default\">\n\t\t\t\t<div class=\"elementor-widget-container\">\n\t\t\t\t\t\t\t<ul class=\"elementor-icon-list-items\">\n\t\t\t\t\t\t\t<li class=\"elementor-icon-list-item\">\n\t\t\t\t\t\t\t\t\t\t\t<span class=\"elementor-icon-list-icon\">\n\t\t\t\t\t\t\t<svg aria-hidden=\"true\" class=\"e-font-icon-svg e-fas-circle\" viewBox=\"0 0 512 512\" xmlns=\"http:\/\/www.w3.org\/2000\/svg\"><path d=\"M256 8C119 8 8 119 8 256s111 248 248 248 248-111 248-248S393 8 256 8z\"><\/path><\/svg>\t\t\t\t\t\t<\/span>\n\t\t\t\t\t\t\t\t\t\t<span class=\"elementor-icon-list-text\">Evaluaci\u00f3n Inicial<\/span>\n\t\t\t\t\t\t\t\t\t<\/li>\n\t\t\t\t\t\t\t\t<li class=\"elementor-icon-list-item\">\n\t\t\t\t\t\t\t\t\t\t\t<span class=\"elementor-icon-list-icon\">\n\t\t\t\t\t\t\t<svg aria-hidden=\"true\" class=\"e-font-icon-svg e-fas-circle\" viewBox=\"0 0 512 512\" xmlns=\"http:\/\/www.w3.org\/2000\/svg\"><path d=\"M256 8C119 8 8 119 8 256s111 248 248 248 248-111 248-248S393 8 256 8z\"><\/path><\/svg>\t\t\t\t\t\t<\/span>\n\t\t\t\t\t\t\t\t\t\t<span class=\"elementor-icon-list-text\">Tratamiento Preciso<\/span>\n\t\t\t\t\t\t\t\t\t<\/li>\n\t\t\t\t\t\t\t\t<li class=\"elementor-icon-list-item\">\n\t\t\t\t\t\t\t\t\t\t\t<span class=\"elementor-icon-list-icon\">\n\t\t\t\t\t\t\t<svg aria-hidden=\"true\" class=\"e-font-icon-svg e-fas-circle\" viewBox=\"0 0 512 512\" xmlns=\"http:\/\/www.w3.org\/2000\/svg\"><path d=\"M256 8C119 8 8 119 8 256s111 248 248 248 248-111 248-248S393 8 256 8z\"><\/path><\/svg>\t\t\t\t\t\t<\/span>\n\t\t\t\t\t\t\t\t\t\t<span class=\"elementor-icon-list-text\">Monitoreo de Resultados<\/span>\n\t\t\t\t\t\t\t\t\t<\/li>\n\t\t\t\t\t\t\t\t<li class=\"elementor-icon-list-item\">\n\t\t\t\t\t\t\t\t\t\t\t<span class=\"elementor-icon-list-icon\">\n\t\t\t\t\t\t\t<svg aria-hidden=\"true\" class=\"e-font-icon-svg e-fas-circle\" viewBox=\"0 0 512 512\" xmlns=\"http:\/\/www.w3.org\/2000\/svg\"><path d=\"M256 8C119 8 8 119 8 256s111 248 248 248 248-111 248-248S393 8 256 8z\"><\/path><\/svg>\t\t\t\t\t\t<\/span>\n\t\t\t\t\t\t\t\t\t\t<span class=\"elementor-icon-list-text\">Apoyo Integral<\/span>\n\t\t\t\t\t\t\t\t\t<\/li>\n\t\t\t\t\t\t<\/ul>\n\t\t\t\t\t\t<\/div>\n\t\t\t\t<\/div>\n\t\t\t\t<\/div>\n\t\t\t\t<\/div>\n\t\t<div class=\"elementor-element elementor-element-67564190 e-con-full e-flex e-con e-child\" data-id=\"67564190\" data-element_type=\"container\">\n\t\t\t\t<div class=\"elementor-element elementor-element-275327c6 elementor-widget elementor-widget-image\" data-id=\"275327c6\" data-element_type=\"widget\" data-widget_type=\"image.default\">\n\t\t\t\t<div class=\"elementor-widget-container\">\n\t\t\t\t\t\t\t\t\t\t\t\t\t\t\t<img fetchpriority=\"high\" decoding=\"async\" width=\"720\" height=\"451\" src=\"https:\/\/nueva.hvdes.com\/nueva\/wp-content\/uploads\/2025\/01\/Terapia-fotonica-.jpg\" class=\"attachment-large size-large wp-image-3715\" alt=\"Terapia fot\u00f3nica\" srcset=\"https:\/\/nueva.hvdes.com\/nueva\/wp-content\/uploads\/2025\/01\/Terapia-fotonica-.jpg 720w, https:\/\/nueva.hvdes.com\/nueva\/wp-content\/uploads\/2025\/01\/Terapia-fotonica--300x188.jpg 300w, https:\/\/nueva.hvdes.com\/nueva\/wp-content\/uploads\/2025\/01\/Terapia-fotonica--600x376.jpg 600w\" sizes=\"(max-width: 720px) 100vw, 720px\" \/>\t\t\t\t\t\t\t\t\t\t\t\t\t\t\t<\/div>\n\t\t\t\t<\/div>\n\t\t\t\t<\/div>\n\t\t\t\t\t<\/div>\n\t\t\t\t<\/div>\n\t\t\t\t<\/div>\n\t\t","protected":false},"excerpt":{"rendered":"<p>Terapia fot\u00f3nica Utilizamos tecnolog\u00eda avanzada para ofrecer una soluci\u00f3n eficaz y no invasiva para una variedad de problemas de salud. La terapia fot\u00f3nica, tambi\u00e9n conocida como terapia con luz l\u00e1ser, emplea luz de baja intensidad para estimular la curaci\u00f3n natural del cuerpo, reducir la inflamaci\u00f3n y aliviar el dolor. Nuestro enfoque incluye: Evaluaci\u00f3n Inicial Tratamiento [&hellip;]<\/p>\n","protected":false},"author":1,"featured_media":0,"parent":0,"menu_order":0,"comment_status":"closed","ping_status":"closed","template":"","meta":{"_uag_custom_page_level_css":"","site-sidebar-layout":"no-sidebar","site-content-layout":"","ast-site-content-layout":"full-width-container","site-content-style":"default","site-sidebar-style":"default","ast-global-header-display":"","ast-banner-title-visibility":"","ast-main-header-display":"","ast-hfb-above-header-display":"","ast-hfb-below-header-display":"","ast-hfb-mobile-header-display":"","site-post-title":"disabled","ast-breadcrumbs-content":"","ast-featured-img":"disabled","footer-sml-layout":"","theme-transparent-header-meta":"","adv-header-id-meta":"","stick-header-meta":"","header-above-stick-meta":"","header-main-stick-meta":"","header-below-stick-meta":"","astra-migrate-meta-layouts":"default","ast-page-background-enabled":"default","ast-page-background-meta":{"desktop":{"background-color":"var(--ast-global-color-4)","background-image":"","background-repeat":"repeat","background-position":"center center","background-size":"auto","background-attachment":"scroll","background-type":"","background-media":"","overlay-type":"","overlay-color":"","overlay-opacity":"","overlay-gradient":""},"tablet":{"background-color":"","background-image":"","background-repeat":"repeat","background-position":"center center","background-size":"auto","background-attachment":"scroll","background-type":"","background-media":"","overlay-type":"","overlay-color":"","overlay-opacity":"","overlay-gradient":""},"mobile":{"background-color":"","background-image":"","background-repeat":"repeat","background-position":"center center","background-size":"auto","background-attachment":"scroll","background-type":"","background-media":"","overlay-type":"","overlay-color":"","overlay-opacity":"","overlay-gradient":""}},"ast-content-background-meta":{"desktop":{"background-color":"var(--ast-global-color-5)","background-image":"","background-repeat":"repeat","background-position":"center center","background-size":"auto","background-attachment":"scroll","background-type":"","background-media":"","overlay-type":"","overlay-color":"","overlay-opacity":"","overlay-gradient":""},"tablet":{"background-color":"var(--ast-global-color-5)","background-image":"","background-repeat":"repeat","background-position":"center center","background-size":"auto","background-attachment":"scroll","background-type":"","background-media":"","overlay-type":"","overlay-color":"","overlay-opacity":"","overlay-gradient":""},"mobile":{"background-color":"var(--ast-global-color-5)","background-image":"","background-repeat":"repeat","background-position":"center center","background-size":"auto","background-attachment":"scroll","background-type":"","background-media":"","overlay-type":"","overlay-color":"","overlay-opacity":"","overlay-gradient":""}},"footnotes":""},"class_list":["post-880","page","type-page","status-publish","hentry"],"yoast_head":"<!-- This site is optimized with the Yoast SEO Premium plugin v24.3 (Yoast SEO v24.3) - https:\/\/yoast.com\/wordpress\/plugins\/seo\/ -->\n<title>Terapia Fot\u00f3nica - Hospital Veterinario Sinai<\/title>\n<meta name=\"robots\" content=\"index, follow, max-snippet:-1, max-image-preview:large, max-video-preview:-1\" \/>\n<link rel=\"canonical\" href=\"https:\/\/nueva.hvdes.com\/nueva\/terapia-fotonica\/\" \/>\n<meta property=\"og:locale\" content=\"es_ES\" \/>\n<meta property=\"og:type\" content=\"article\" \/>\n<meta property=\"og:title\" content=\"Terapia Fot\u00f3nica\" \/>\n<meta property=\"og:description\" content=\"Terapia fot\u00f3nica Utilizamos tecnolog\u00eda avanzada para ofrecer una soluci\u00f3n eficaz y no invasiva para una variedad de problemas de salud. La terapia fot\u00f3nica, tambi\u00e9n conocida como terapia con luz l\u00e1ser, emplea luz de baja intensidad para estimular la curaci\u00f3n natural del cuerpo, reducir la inflamaci\u00f3n y aliviar el dolor. Nuestro enfoque incluye: Evaluaci\u00f3n Inicial Tratamiento [&hellip;]\" \/>\n<meta property=\"og:url\" content=\"https:\/\/nueva.hvdes.com\/nueva\/terapia-fotonica\/\" \/>\n<meta property=\"og:site_name\" content=\"Hospital Veterinario Sinai\" \/>\n<meta property=\"article:modified_time\" content=\"2025-01-31T14:36:12+00:00\" \/>\n<meta property=\"og:image\" content=\"https:\/\/nueva.hvdes.com\/nueva\/wp-content\/uploads\/2025\/01\/Terapia-fotonica-.jpg\" \/>\n\t<meta property=\"og:image:width\" content=\"720\" \/>\n\t<meta property=\"og:image:height\" content=\"451\" \/>\n\t<meta property=\"og:image:type\" content=\"image\/jpeg\" \/>\n<meta name=\"twitter:card\" content=\"summary_large_image\" \/>\n<meta name=\"twitter:label1\" content=\"Tiempo de lectura\" \/>\n\t<meta name=\"twitter:data1\" content=\"1 minuto\" \/>\n<script type=\"application\/ld+json\" class=\"yoast-schema-graph\">{\"@context\":\"https:\/\/schema.org\",\"@graph\":[{\"@type\":\"WebPage\",\"@id\":\"https:\/\/nueva.hvdes.com\/nueva\/terapia-fotonica\/\",\"url\":\"https:\/\/nueva.hvdes.com\/nueva\/terapia-fotonica\/\",\"name\":\"Terapia Fot\u00f3nica - Hospital Veterinario Sinai\",\"isPartOf\":{\"@id\":\"https:\/\/nueva.hvdes.com\/nueva\/#website\"},\"primaryImageOfPage\":{\"@id\":\"https:\/\/nueva.hvdes.com\/nueva\/terapia-fotonica\/#primaryimage\"},\"image\":{\"@id\":\"https:\/\/nueva.hvdes.com\/nueva\/terapia-fotonica\/#primaryimage\"},\"thumbnailUrl\":\"https:\/\/nueva.hvdes.com\/nueva\/wp-content\/uploads\/2025\/01\/Terapia-fotonica-.jpg\",\"datePublished\":\"2024-03-08T20:39:44+00:00\",\"dateModified\":\"2025-01-31T14:36:12+00:00\",\"breadcrumb\":{\"@id\":\"https:\/\/nueva.hvdes.com\/nueva\/terapia-fotonica\/#breadcrumb\"},\"inLanguage\":\"es\",\"potentialAction\":[{\"@type\":\"ReadAction\",\"target\":[\"https:\/\/nueva.hvdes.com\/nueva\/terapia-fotonica\/\"]}]},{\"@type\":\"ImageObject\",\"inLanguage\":\"es\",\"@id\":\"https:\/\/nueva.hvdes.com\/nueva\/terapia-fotonica\/#primaryimage\",\"url\":\"https:\/\/nueva.hvdes.com\/nueva\/wp-content\/uploads\/2025\/01\/Terapia-fotonica-.jpg\",\"contentUrl\":\"https:\/\/nueva.hvdes.com\/nueva\/wp-content\/uploads\/2025\/01\/Terapia-fotonica-.jpg\",\"width\":720,\"height\":451,\"caption\":\"Terapia fot\u00f3nica\"},{\"@type\":\"BreadcrumbList\",\"@id\":\"https:\/\/nueva.hvdes.com\/nueva\/terapia-fotonica\/#breadcrumb\",\"itemListElement\":[{\"@type\":\"ListItem\",\"position\":1,\"name\":\"Portada\",\"item\":\"https:\/\/nueva.hvdes.com\/nueva\/\"},{\"@type\":\"ListItem\",\"position\":2,\"name\":\"Terapia Fot\u00f3nica\"}]},{\"@type\":\"WebSite\",\"@id\":\"https:\/\/nueva.hvdes.com\/nueva\/#website\",\"url\":\"https:\/\/nueva.hvdes.com\/nueva\/\",\"name\":\"Hospital Veterinario Sinai\",\"description\":\"\",\"publisher\":{\"@id\":\"https:\/\/nueva.hvdes.com\/nueva\/#organization\"},\"potentialAction\":[{\"@type\":\"SearchAction\",\"target\":{\"@type\":\"EntryPoint\",\"urlTemplate\":\"https:\/\/nueva.hvdes.com\/nueva\/?s={search_term_string}\"},\"query-input\":{\"@type\":\"PropertyValueSpecification\",\"valueRequired\":true,\"valueName\":\"search_term_string\"}}],\"inLanguage\":\"es\"},{\"@type\":\"Organization\",\"@id\":\"https:\/\/nueva.hvdes.com\/nueva\/#organization\",\"name\":\"Hospital Veterinario Sinai\",\"url\":\"https:\/\/nueva.hvdes.com\/nueva\/\",\"logo\":{\"@type\":\"ImageObject\",\"inLanguage\":\"es\",\"@id\":\"https:\/\/nueva.hvdes.com\/nueva\/#\/schema\/logo\/image\/\",\"url\":\"https:\/\/nueva.hvdes.com\/nueva\/wp-content\/uploads\/2024\/02\/LOGO-HVDES-PNG-1.png\",\"contentUrl\":\"https:\/\/nueva.hvdes.com\/nueva\/wp-content\/uploads\/2024\/02\/LOGO-HVDES-PNG-1.png\",\"width\":1920,\"height\":418,\"caption\":\"Hospital Veterinario Sinai\"},\"image\":{\"@id\":\"https:\/\/nueva.hvdes.com\/nueva\/#\/schema\/logo\/image\/\"}}]}<\/script>\n<!-- \/ Yoast SEO Premium plugin. -->","yoast_head_json":{"title":"Terapia Fot\u00f3nica - Hospital Veterinario Sinai","robots":{"index":"index","follow":"follow","max-snippet":"max-snippet:-1","max-image-preview":"max-image-preview:large","max-video-preview":"max-video-preview:-1"},"canonical":"https:\/\/nueva.hvdes.com\/nueva\/terapia-fotonica\/","og_locale":"es_ES","og_type":"article","og_title":"Terapia Fot\u00f3nica","og_description":"Terapia fot\u00f3nica Utilizamos tecnolog\u00eda avanzada para ofrecer una soluci\u00f3n eficaz y no invasiva para una variedad de problemas de salud. La terapia fot\u00f3nica, tambi\u00e9n conocida como terapia con luz l\u00e1ser, emplea luz de baja intensidad para estimular la curaci\u00f3n natural del cuerpo, reducir la inflamaci\u00f3n y aliviar el dolor. Nuestro enfoque incluye: Evaluaci\u00f3n Inicial Tratamiento [&hellip;]","og_url":"https:\/\/nueva.hvdes.com\/nueva\/terapia-fotonica\/","og_site_name":"Hospital Veterinario Sinai","article_modified_time":"2025-01-31T14:36:12+00:00","og_image":[{"width":720,"height":451,"url":"https:\/\/nueva.hvdes.com\/nueva\/wp-content\/uploads\/2025\/01\/Terapia-fotonica-.jpg","type":"image\/jpeg"}],"twitter_card":"summary_large_image","twitter_misc":{"Tiempo de lectura":"1 minuto"},"schema":{"@context":"https:\/\/schema.org","@graph":[{"@type":"WebPage","@id":"https:\/\/nueva.hvdes.com\/nueva\/terapia-fotonica\/","url":"https:\/\/nueva.hvdes.com\/nueva\/terapia-fotonica\/","name":"Terapia Fot\u00f3nica - Hospital Veterinario Sinai","isPartOf":{"@id":"https:\/\/nueva.hvdes.com\/nueva\/#website"},"primaryImageOfPage":{"@id":"https:\/\/nueva.hvdes.com\/nueva\/terapia-fotonica\/#primaryimage"},"image":{"@id":"https:\/\/nueva.hvdes.com\/nueva\/terapia-fotonica\/#primaryimage"},"thumbnailUrl":"https:\/\/nueva.hvdes.com\/nueva\/wp-content\/uploads\/2025\/01\/Terapia-fotonica-.jpg","datePublished":"2024-03-08T20:39:44+00:00","dateModified":"2025-01-31T14:36:12+00:00","breadcrumb":{"@id":"https:\/\/nueva.hvdes.com\/nueva\/terapia-fotonica\/#breadcrumb"},"inLanguage":"es","potentialAction":[{"@type":"ReadAction","target":["https:\/\/nueva.hvdes.com\/nueva\/terapia-fotonica\/"]}]},{"@type":"ImageObject","inLanguage":"es","@id":"https:\/\/nueva.hvdes.com\/nueva\/terapia-fotonica\/#primaryimage","url":"https:\/\/nueva.hvdes.com\/nueva\/wp-content\/uploads\/2025\/01\/Terapia-fotonica-.jpg","contentUrl":"https:\/\/nueva.hvdes.com\/nueva\/wp-content\/uploads\/2025\/01\/Terapia-fotonica-.jpg","width":720,"height":451,"caption":"Terapia fot\u00f3nica"},{"@type":"BreadcrumbList","@id":"https:\/\/nueva.hvdes.com\/nueva\/terapia-fotonica\/#breadcrumb","itemListElement":[{"@type":"ListItem","position":1,"name":"Portada","item":"https:\/\/nueva.hvdes.com\/nueva\/"},{"@type":"ListItem","position":2,"name":"Terapia Fot\u00f3nica"}]},{"@type":"WebSite","@id":"https:\/\/nueva.hvdes.com\/nueva\/#website","url":"https:\/\/nueva.hvdes.com\/nueva\/","name":"Hospital Veterinario Sinai","description":"","publisher":{"@id":"https:\/\/nueva.hvdes.com\/nueva\/#organization"},"potentialAction":[{"@type":"SearchAction","target":{"@type":"EntryPoint","urlTemplate":"https:\/\/nueva.hvdes.com\/nueva\/?s={search_term_string}"},"query-input":{"@type":"PropertyValueSpecification","valueRequired":true,"valueName":"search_term_string"}}],"inLanguage":"es"},{"@type":"Organization","@id":"https:\/\/nueva.hvdes.com\/nueva\/#organization","name":"Hospital Veterinario Sinai","url":"https:\/\/nueva.hvdes.com\/nueva\/","logo":{"@type":"ImageObject","inLanguage":"es","@id":"https:\/\/nueva.hvdes.com\/nueva\/#\/schema\/logo\/image\/","url":"https:\/\/nueva.hvdes.com\/nueva\/wp-content\/uploads\/2024\/02\/LOGO-HVDES-PNG-1.png","contentUrl":"https:\/\/nueva.hvdes.com\/nueva\/wp-content\/uploads\/2024\/02\/LOGO-HVDES-PNG-1.png","width":1920,"height":418,"caption":"Hospital Veterinario Sinai"},"image":{"@id":"https:\/\/nueva.hvdes.com\/nueva\/#\/schema\/logo\/image\/"}}]}},"uagb_featured_image_src":{"full":false,"thumbnail":false,"medium":false,"medium_large":false,"large":false,"1536x1536":false,"2048x2048":false,"woocommerce_thumbnail":false,"woocommerce_single":false,"woocommerce_gallery_thumbnail":false},"uagb_author_info":{"display_name":"adminemiro2024","author_link":"https:\/\/nueva.hvdes.com\/nueva\/author\/adminemiro2024\/"},"uagb_comment_info":0,"uagb_excerpt":"Terapia fot\u00f3nica Utilizamos tecnolog\u00eda avanzada para ofrecer una soluci\u00f3n eficaz y no invasiva para una variedad de problemas de salud. La terapia fot\u00f3nica, tambi\u00e9n conocida como terapia con luz l\u00e1ser, emplea luz de baja intensidad para estimular la curaci\u00f3n natural del cuerpo, reducir la inflamaci\u00f3n y aliviar el dolor. Nuestro enfoque incluye: Evaluaci\u00f3n Inicial Tratamiento&hellip;","_links":{"self":[{"href":"https:\/\/nueva.hvdes.com\/nueva\/wp-json\/wp\/v2\/pages\/880","targetHints":{"allow":["GET"]}}],"collection":[{"href":"https:\/\/nueva.hvdes.com\/nueva\/wp-json\/wp\/v2\/pages"}],"about":[{"href":"https:\/\/nueva.hvdes.com\/nueva\/wp-json\/wp\/v2\/types\/page"}],"author":[{"embeddable":true,"href":"https:\/\/nueva.hvdes.com\/nueva\/wp-json\/wp\/v2\/users\/1"}],"replies":[{"embeddable":true,"href":"https:\/\/nueva.hvdes.com\/nueva\/wp-json\/wp\/v2\/comments?post=880"}],"version-history":[{"count":14,"href":"https:\/\/nueva.hvdes.com\/nueva\/wp-json\/wp\/v2\/pages\/880\/revisions"}],"predecessor-version":[{"id":3718,"href":"https:\/\/nueva.hvdes.com\/nueva\/wp-json\/wp\/v2\/pages\/880\/revisions\/3718"}],"wp:attachment":[{"href":"https:\/\/nueva.hvdes.com\/nueva\/wp-json\/wp\/v2\/media?parent=880"}],"curies":[{"name":"wp","href":"https:\/\/api.w.org\/{rel}","templated":true}]}}