{"id":809,"date":"2024-03-08T20:03:18","date_gmt":"2024-03-08T20:03:18","guid":{"rendered":"https:\/\/nueva.hvdes.com\/nueva\/?page_id=809"},"modified":"2025-01-20T18:38:24","modified_gmt":"2025-01-20T18:38:24","slug":"estudio-radiografico-simple","status":"publish","type":"page","link":"https:\/\/nueva.hvdes.com\/nueva\/estudio-radiografico-simple\/","title":{"rendered":"Estudio Radiogr\u00e1fico Simple"},"content":{"rendered":"\t\t<div data-elementor-type=\"wp-page\" data-elementor-id=\"809\" class=\"elementor elementor-809\" data-elementor-post-type=\"page\">\n\t\t\t\t<div class=\"elementor-element elementor-element-7d480c1e e-flex e-con-boxed e-con e-parent\" data-id=\"7d480c1e\" data-element_type=\"container\" data-settings=\"{&quot;background_background&quot;:&quot;classic&quot;}\">\n\t\t\t\t\t<div class=\"e-con-inner\">\n\t\t<div class=\"elementor-element elementor-element-1f75f9b3 e-con-full e-flex e-con e-child\" data-id=\"1f75f9b3\" data-element_type=\"container\">\n\t\t\t\t<div class=\"elementor-element elementor-element-7f921883 elementor-widget-tablet__width-inherit elementor-widget__width-initial elementor-invisible elementor-widget elementor-widget-heading\" data-id=\"7f921883\" data-element_type=\"widget\" data-settings=\"{&quot;_animation&quot;:&quot;fadeIn&quot;}\" data-widget_type=\"heading.default\">\n\t\t\t\t<div class=\"elementor-widget-container\">\n\t\t\t\t\t<h2 class=\"elementor-heading-title elementor-size-default\">Estudio Radiogr\u00e1fico Simple<\/h2>\t\t\t\t<\/div>\n\t\t\t\t<\/div>\n\t\t<div class=\"elementor-element elementor-element-10df2cbe e-con-full e-flex e-con e-child\" data-id=\"10df2cbe\" data-element_type=\"container\">\n\t\t\t\t<div class=\"elementor-element elementor-element-18677107 elementor-widget-tablet__width-initial elementor-widget-mobile__width-inherit elementor-widget elementor-widget-text-editor\" data-id=\"18677107\" data-element_type=\"widget\" data-widget_type=\"text-editor.default\">\n\t\t\t\t<div class=\"elementor-widget-container\">\n\t\t\t\t\t\t\t\t\t<p>El estudio radiogr\u00e1fico simple es una herramienta clave en la medicina veterinaria que utiliza rayos X para obtener im\u00e1genes detalladas del interior de tu mascota. Esta t\u00e9cnica permite a nuestros veterinarios ver claramente los huesos y \u00f3rganos internos, facilitando la detecci\u00f3n y el diagn\u00f3stico de una variedad de condiciones de salud.<\/p>\t\t\t\t\t\t\t\t<\/div>\n\t\t\t\t<\/div>\n\t\t\t\t<div class=\"elementor-element elementor-element-54a430c elementor-widget elementor-widget-heading\" data-id=\"54a430c\" data-element_type=\"widget\" data-widget_type=\"heading.default\">\n\t\t\t\t<div class=\"elementor-widget-container\">\n\t\t\t\t\t<h2 class=\"elementor-heading-title elementor-size-default\">Nos permite:<\/h2>\t\t\t\t<\/div>\n\t\t\t\t<\/div>\n\t\t\t\t<div class=\"elementor-element elementor-element-5ef220e7 elementor-widget-tablet__width-initial elementor-widget-mobile__width-initial elementor-icon-list--layout-traditional elementor-list-item-link-full_width elementor-widget elementor-widget-icon-list\" data-id=\"5ef220e7\" data-element_type=\"widget\" data-widget_type=\"icon-list.default\">\n\t\t\t\t<div class=\"elementor-widget-container\">\n\t\t\t\t\t\t\t<ul class=\"elementor-icon-list-items\">\n\t\t\t\t\t\t\t<li class=\"elementor-icon-list-item\">\n\t\t\t\t\t\t\t\t\t\t\t<span class=\"elementor-icon-list-icon\">\n\t\t\t\t\t\t\t<svg aria-hidden=\"true\" class=\"e-font-icon-svg e-fas-circle\" viewBox=\"0 0 512 512\" xmlns=\"http:\/\/www.w3.org\/2000\/svg\"><path d=\"M256 8C119 8 8 119 8 256s111 248 248 248 248-111 248-248S393 8 256 8z\"><\/path><\/svg>\t\t\t\t\t\t<\/span>\n\t\t\t\t\t\t\t\t\t\t<span class=\"elementor-icon-list-text\">Evaluaci\u00f3n de fracturas \u00f3seas: Identificaci\u00f3n de fracturas y lesiones en los huesos.<\/span>\n\t\t\t\t\t\t\t\t\t<\/li>\n\t\t\t\t\t\t\t\t<li class=\"elementor-icon-list-item\">\n\t\t\t\t\t\t\t\t\t\t\t<span class=\"elementor-icon-list-icon\">\n\t\t\t\t\t\t\t<svg aria-hidden=\"true\" class=\"e-font-icon-svg e-fas-circle\" viewBox=\"0 0 512 512\" xmlns=\"http:\/\/www.w3.org\/2000\/svg\"><path d=\"M256 8C119 8 8 119 8 256s111 248 248 248 248-111 248-248S393 8 256 8z\"><\/path><\/svg>\t\t\t\t\t\t<\/span>\n\t\t\t\t\t\t\t\t\t\t<span class=\"elementor-icon-list-text\">Diagn\u00f3stico de enfermedades pulmonares: Detecci\u00f3n de afecciones respiratorias como infecciones o tumores<\/span>\n\t\t\t\t\t\t\t\t\t<\/li>\n\t\t\t\t\t\t\t\t<li class=\"elementor-icon-list-item\">\n\t\t\t\t\t\t\t\t\t\t\t<span class=\"elementor-icon-list-icon\">\n\t\t\t\t\t\t\t<svg aria-hidden=\"true\" class=\"e-font-icon-svg e-fas-circle\" viewBox=\"0 0 512 512\" xmlns=\"http:\/\/www.w3.org\/2000\/svg\"><path d=\"M256 8C119 8 8 119 8 256s111 248 248 248 248-111 248-248S393 8 256 8z\"><\/path><\/svg>\t\t\t\t\t\t<\/span>\n\t\t\t\t\t\t\t\t\t\t<span class=\"elementor-icon-list-text\">Inspecci\u00f3n de problemas abdominales: Detecci\u00f3n de cuerpos extra\u00f1os, tumores o problemas en \u00f3rganos internos.<\/span>\n\t\t\t\t\t\t\t\t\t<\/li>\n\t\t\t\t\t\t\t\t<li class=\"elementor-icon-list-item\">\n\t\t\t\t\t\t\t\t\t\t\t<span class=\"elementor-icon-list-icon\">\n\t\t\t\t\t\t\t<svg aria-hidden=\"true\" class=\"e-font-icon-svg e-fas-circle\" viewBox=\"0 0 512 512\" xmlns=\"http:\/\/www.w3.org\/2000\/svg\"><path d=\"M256 8C119 8 8 119 8 256s111 248 248 248 248-111 248-248S393 8 256 8z\"><\/path><\/svg>\t\t\t\t\t\t<\/span>\n\t\t\t\t\t\t\t\t\t\t<span class=\"elementor-icon-list-text\">Evaluaci\u00f3n dental: An\u00e1lisis de problemas dentales y de la mand\u00edbula.<\/span>\n\t\t\t\t\t\t\t\t\t<\/li>\n\t\t\t\t\t\t<\/ul>\n\t\t\t\t\t\t<\/div>\n\t\t\t\t<\/div>\n\t\t\t\t<\/div>\n\t\t\t\t<\/div>\n\t\t<div class=\"elementor-element elementor-element-5d893b41 e-con-full e-flex e-con e-child\" data-id=\"5d893b41\" data-element_type=\"container\">\n\t\t\t\t<div class=\"elementor-element elementor-element-1a6dde82 elementor-widget elementor-widget-image\" data-id=\"1a6dde82\" data-element_type=\"widget\" data-widget_type=\"image.default\">\n\t\t\t\t<div class=\"elementor-widget-container\">\n\t\t\t\t\t\t\t\t\t\t\t\t\t\t\t<img fetchpriority=\"high\" decoding=\"async\" width=\"740\" height=\"500\" src=\"https:\/\/nueva.hvdes.com\/nueva\/wp-content\/uploads\/2025\/01\/radiografia-simples-de-mascotas-rayos-x.jpg\" class=\"attachment-large size-large wp-image-2882\" alt=\"radiografia simples de mascotas rayos x para perros y gatos\" srcset=\"https:\/\/nueva.hvdes.com\/nueva\/wp-content\/uploads\/2025\/01\/radiografia-simples-de-mascotas-rayos-x.jpg 740w, https:\/\/nueva.hvdes.com\/nueva\/wp-content\/uploads\/2025\/01\/radiografia-simples-de-mascotas-rayos-x-300x203.jpg 300w, https:\/\/nueva.hvdes.com\/nueva\/wp-content\/uploads\/2025\/01\/radiografia-simples-de-mascotas-rayos-x-600x405.jpg 600w\" sizes=\"(max-width: 740px) 100vw, 740px\" \/>\t\t\t\t\t\t\t\t\t\t\t\t\t\t\t<\/div>\n\t\t\t\t<\/div>\n\t\t\t\t<\/div>\n\t\t\t\t\t<\/div>\n\t\t\t\t<\/div>\n\t\t<div class=\"elementor-element elementor-element-1d92522 e-grid e-con-boxed e-con e-parent\" data-id=\"1d92522\" data-element_type=\"container\">\n\t\t\t\t\t<div class=\"e-con-inner\">\n\t\t\t\t<div class=\"elementor-element elementor-element-273d12e elementor-widget elementor-widget-video\" data-id=\"273d12e\" data-element_type=\"widget\" data-settings=\"{&quot;youtube_url&quot;:&quot;https:\\\/\\\/youtu.be\\\/dTY6SnAYkqo&quot;,&quot;video_type&quot;:&quot;youtube&quot;,&quot;controls&quot;:&quot;yes&quot;}\" data-widget_type=\"video.default\">\n\t\t\t\t<div class=\"elementor-widget-container\">\n\t\t\t\t\t\t\t<div class=\"elementor-wrapper elementor-open-inline\">\n\t\t\t<div class=\"elementor-video\"><\/div>\t\t<\/div>\n\t\t\t\t\t\t<\/div>\n\t\t\t\t<\/div>\n\t\t\t\t<div class=\"elementor-element elementor-element-03d7aea elementor-widget elementor-widget-video\" data-id=\"03d7aea\" data-element_type=\"widget\" data-settings=\"{&quot;youtube_url&quot;:&quot;https:\\\/\\\/youtu.be\\\/FiERLrMdq54&quot;,&quot;video_type&quot;:&quot;youtube&quot;,&quot;controls&quot;:&quot;yes&quot;}\" data-widget_type=\"video.default\">\n\t\t\t\t<div class=\"elementor-widget-container\">\n\t\t\t\t\t\t\t<div class=\"elementor-wrapper elementor-open-inline\">\n\t\t\t<div class=\"elementor-video\"><\/div>\t\t<\/div>\n\t\t\t\t\t\t<\/div>\n\t\t\t\t<\/div>\n\t\t\t\t\t<\/div>\n\t\t\t\t<\/div>\n\t\t\t\t<\/div>\n\t\t","protected":false},"excerpt":{"rendered":"<p>Estudio Radiogr\u00e1fico Simple El estudio radiogr\u00e1fico simple es una herramienta clave en la medicina veterinaria que utiliza rayos X para obtener im\u00e1genes detalladas del interior de tu mascota. Esta t\u00e9cnica permite a nuestros veterinarios ver claramente los huesos y \u00f3rganos internos, facilitando la detecci\u00f3n y el diagn\u00f3stico de una variedad de condiciones de salud. Nos [&hellip;]<\/p>\n","protected":false},"author":1,"featured_media":0,"parent":0,"menu_order":0,"comment_status":"closed","ping_status":"closed","template":"","meta":{"_uag_custom_page_level_css":"","site-sidebar-layout":"no-sidebar","site-content-layout":"","ast-site-content-layout":"full-width-container","site-content-style":"default","site-sidebar-style":"default","ast-global-header-display":"","ast-banner-title-visibility":"","ast-main-header-display":"","ast-hfb-above-header-display":"","ast-hfb-below-header-display":"","ast-hfb-mobile-header-display":"","site-post-title":"disabled","ast-breadcrumbs-content":"","ast-featured-img":"disabled","footer-sml-layout":"","theme-transparent-header-meta":"","adv-header-id-meta":"","stick-header-meta":"","header-above-stick-meta":"","header-main-stick-meta":"","header-below-stick-meta":"","astra-migrate-meta-layouts":"default","ast-page-background-enabled":"default","ast-page-background-meta":{"desktop":{"background-color":"var(--ast-global-color-4)","background-image":"","background-repeat":"repeat","background-position":"center center","background-size":"auto","background-attachment":"scroll","background-type":"","background-media":"","overlay-type":"","overlay-color":"","overlay-opacity":"","overlay-gradient":""},"tablet":{"background-color":"","background-image":"","background-repeat":"repeat","background-position":"center center","background-size":"auto","background-attachment":"scroll","background-type":"","background-media":"","overlay-type":"","overlay-color":"","overlay-opacity":"","overlay-gradient":""},"mobile":{"background-color":"","background-image":"","background-repeat":"repeat","background-position":"center center","background-size":"auto","background-attachment":"scroll","background-type":"","background-media":"","overlay-type":"","overlay-color":"","overlay-opacity":"","overlay-gradient":""}},"ast-content-background-meta":{"desktop":{"background-color":"var(--ast-global-color-5)","background-image":"","background-repeat":"repeat","background-position":"center center","background-size":"auto","background-attachment":"scroll","background-type":"","background-media":"","overlay-type":"","overlay-color":"","overlay-opacity":"","overlay-gradient":""},"tablet":{"background-color":"var(--ast-global-color-5)","background-image":"","background-repeat":"repeat","background-position":"center center","background-size":"auto","background-attachment":"scroll","background-type":"","background-media":"","overlay-type":"","overlay-color":"","overlay-opacity":"","overlay-gradient":""},"mobile":{"background-color":"var(--ast-global-color-5)","background-image":"","background-repeat":"repeat","background-position":"center center","background-size":"auto","background-attachment":"scroll","background-type":"","background-media":"","overlay-type":"","overlay-color":"","overlay-opacity":"","overlay-gradient":""}},"footnotes":""},"class_list":["post-809","page","type-page","status-publish","hentry"],"yoast_head":"<!-- This site is optimized with the Yoast SEO Premium plugin v24.3 (Yoast SEO v24.3) - https:\/\/yoast.com\/wordpress\/plugins\/seo\/ -->\n<title>Estudio Radiogr\u00e1fico Simple - Hospital Veterinario Sinai<\/title>\n<meta name=\"description\" content=\"Aprende sobre la utilidad del Estudio Radiogr\u00e1fico Simple en el diagn\u00f3stico y tratamiento de diferentes patolog\u00edas en tu mascota.\" \/>\n<meta name=\"robots\" content=\"index, follow, max-snippet:-1, max-image-preview:large, max-video-preview:-1\" \/>\n<link rel=\"canonical\" href=\"https:\/\/nueva.hvdes.com\/nueva\/estudio-radiografico-simple\/\" \/>\n<meta property=\"og:locale\" content=\"es_ES\" \/>\n<meta property=\"og:type\" content=\"article\" \/>\n<meta property=\"og:title\" content=\"Estudio Radiogr\u00e1fico Simple\" \/>\n<meta property=\"og:description\" content=\"Aprende sobre la utilidad del Estudio Radiogr\u00e1fico Simple en el diagn\u00f3stico y tratamiento de diferentes patolog\u00edas en tu mascota.\" \/>\n<meta property=\"og:url\" content=\"https:\/\/nueva.hvdes.com\/nueva\/estudio-radiografico-simple\/\" \/>\n<meta property=\"og:site_name\" content=\"Hospital Veterinario Sinai\" \/>\n<meta property=\"article:modified_time\" content=\"2025-01-20T18:38:24+00:00\" \/>\n<meta property=\"og:image\" content=\"https:\/\/nueva.hvdes.com\/nueva\/wp-content\/uploads\/2025\/01\/radiografia-simples-de-mascotas-rayos-x.jpg\" \/>\n\t<meta property=\"og:image:width\" content=\"740\" \/>\n\t<meta property=\"og:image:height\" content=\"500\" \/>\n\t<meta property=\"og:image:type\" content=\"image\/jpeg\" \/>\n<meta name=\"twitter:card\" content=\"summary_large_image\" \/>\n<meta name=\"twitter:label1\" content=\"Tiempo de lectura\" \/>\n\t<meta name=\"twitter:data1\" content=\"1 minuto\" \/>\n<script type=\"application\/ld+json\" class=\"yoast-schema-graph\">{\"@context\":\"https:\/\/schema.org\",\"@graph\":[{\"@type\":\"WebPage\",\"@id\":\"https:\/\/nueva.hvdes.com\/nueva\/estudio-radiografico-simple\/\",\"url\":\"https:\/\/nueva.hvdes.com\/nueva\/estudio-radiografico-simple\/\",\"name\":\"Estudio Radiogr\u00e1fico Simple - Hospital Veterinario Sinai\",\"isPartOf\":{\"@id\":\"https:\/\/nueva.hvdes.com\/nueva\/#website\"},\"primaryImageOfPage\":{\"@id\":\"https:\/\/nueva.hvdes.com\/nueva\/estudio-radiografico-simple\/#primaryimage\"},\"image\":{\"@id\":\"https:\/\/nueva.hvdes.com\/nueva\/estudio-radiografico-simple\/#primaryimage\"},\"thumbnailUrl\":\"https:\/\/nueva.hvdes.com\/nueva\/wp-content\/uploads\/2025\/01\/radiografia-simples-de-mascotas-rayos-x.jpg\",\"datePublished\":\"2024-03-08T20:03:18+00:00\",\"dateModified\":\"2025-01-20T18:38:24+00:00\",\"description\":\"Aprende sobre la utilidad del Estudio Radiogr\u00e1fico Simple en el diagn\u00f3stico y tratamiento de diferentes patolog\u00edas en tu mascota.\",\"breadcrumb\":{\"@id\":\"https:\/\/nueva.hvdes.com\/nueva\/estudio-radiografico-simple\/#breadcrumb\"},\"inLanguage\":\"es\",\"potentialAction\":[{\"@type\":\"ReadAction\",\"target\":[\"https:\/\/nueva.hvdes.com\/nueva\/estudio-radiografico-simple\/\"]}]},{\"@type\":\"ImageObject\",\"inLanguage\":\"es\",\"@id\":\"https:\/\/nueva.hvdes.com\/nueva\/estudio-radiografico-simple\/#primaryimage\",\"url\":\"https:\/\/nueva.hvdes.com\/nueva\/wp-content\/uploads\/2025\/01\/radiografia-simples-de-mascotas-rayos-x.jpg\",\"contentUrl\":\"https:\/\/nueva.hvdes.com\/nueva\/wp-content\/uploads\/2025\/01\/radiografia-simples-de-mascotas-rayos-x.jpg\",\"width\":740,\"height\":500,\"caption\":\"radiografia simples de mascotas rayos x para perros y gatos\"},{\"@type\":\"BreadcrumbList\",\"@id\":\"https:\/\/nueva.hvdes.com\/nueva\/estudio-radiografico-simple\/#breadcrumb\",\"itemListElement\":[{\"@type\":\"ListItem\",\"position\":1,\"name\":\"Portada\",\"item\":\"https:\/\/nueva.hvdes.com\/nueva\/\"},{\"@type\":\"ListItem\",\"position\":2,\"name\":\"Estudio Radiogr\u00e1fico Simple\"}]},{\"@type\":\"WebSite\",\"@id\":\"https:\/\/nueva.hvdes.com\/nueva\/#website\",\"url\":\"https:\/\/nueva.hvdes.com\/nueva\/\",\"name\":\"Hospital Veterinario Sinai\",\"description\":\"\",\"publisher\":{\"@id\":\"https:\/\/nueva.hvdes.com\/nueva\/#organization\"},\"potentialAction\":[{\"@type\":\"SearchAction\",\"target\":{\"@type\":\"EntryPoint\",\"urlTemplate\":\"https:\/\/nueva.hvdes.com\/nueva\/?s={search_term_string}\"},\"query-input\":{\"@type\":\"PropertyValueSpecification\",\"valueRequired\":true,\"valueName\":\"search_term_string\"}}],\"inLanguage\":\"es\"},{\"@type\":\"Organization\",\"@id\":\"https:\/\/nueva.hvdes.com\/nueva\/#organization\",\"name\":\"Hospital Veterinario Sinai\",\"url\":\"https:\/\/nueva.hvdes.com\/nueva\/\",\"logo\":{\"@type\":\"ImageObject\",\"inLanguage\":\"es\",\"@id\":\"https:\/\/nueva.hvdes.com\/nueva\/#\/schema\/logo\/image\/\",\"url\":\"https:\/\/nueva.hvdes.com\/nueva\/wp-content\/uploads\/2024\/02\/LOGO-HVDES-PNG-1.png\",\"contentUrl\":\"https:\/\/nueva.hvdes.com\/nueva\/wp-content\/uploads\/2024\/02\/LOGO-HVDES-PNG-1.png\",\"width\":1920,\"height\":418,\"caption\":\"Hospital Veterinario Sinai\"},\"image\":{\"@id\":\"https:\/\/nueva.hvdes.com\/nueva\/#\/schema\/logo\/image\/\"}}]}<\/script>\n<!-- \/ Yoast SEO Premium plugin. -->","yoast_head_json":{"title":"Estudio Radiogr\u00e1fico Simple - Hospital Veterinario Sinai","description":"Aprende sobre la utilidad del Estudio Radiogr\u00e1fico Simple en el diagn\u00f3stico y tratamiento de diferentes patolog\u00edas en tu mascota.","robots":{"index":"index","follow":"follow","max-snippet":"max-snippet:-1","max-image-preview":"max-image-preview:large","max-video-preview":"max-video-preview:-1"},"canonical":"https:\/\/nueva.hvdes.com\/nueva\/estudio-radiografico-simple\/","og_locale":"es_ES","og_type":"article","og_title":"Estudio Radiogr\u00e1fico Simple","og_description":"Aprende sobre la utilidad del Estudio Radiogr\u00e1fico Simple en el diagn\u00f3stico y tratamiento de diferentes patolog\u00edas en tu mascota.","og_url":"https:\/\/nueva.hvdes.com\/nueva\/estudio-radiografico-simple\/","og_site_name":"Hospital Veterinario Sinai","article_modified_time":"2025-01-20T18:38:24+00:00","og_image":[{"width":740,"height":500,"url":"https:\/\/nueva.hvdes.com\/nueva\/wp-content\/uploads\/2025\/01\/radiografia-simples-de-mascotas-rayos-x.jpg","type":"image\/jpeg"}],"twitter_card":"summary_large_image","twitter_misc":{"Tiempo de lectura":"1 minuto"},"schema":{"@context":"https:\/\/schema.org","@graph":[{"@type":"WebPage","@id":"https:\/\/nueva.hvdes.com\/nueva\/estudio-radiografico-simple\/","url":"https:\/\/nueva.hvdes.com\/nueva\/estudio-radiografico-simple\/","name":"Estudio Radiogr\u00e1fico Simple - Hospital Veterinario Sinai","isPartOf":{"@id":"https:\/\/nueva.hvdes.com\/nueva\/#website"},"primaryImageOfPage":{"@id":"https:\/\/nueva.hvdes.com\/nueva\/estudio-radiografico-simple\/#primaryimage"},"image":{"@id":"https:\/\/nueva.hvdes.com\/nueva\/estudio-radiografico-simple\/#primaryimage"},"thumbnailUrl":"https:\/\/nueva.hvdes.com\/nueva\/wp-content\/uploads\/2025\/01\/radiografia-simples-de-mascotas-rayos-x.jpg","datePublished":"2024-03-08T20:03:18+00:00","dateModified":"2025-01-20T18:38:24+00:00","description":"Aprende sobre la utilidad del Estudio Radiogr\u00e1fico Simple en el diagn\u00f3stico y tratamiento de diferentes patolog\u00edas en tu mascota.","breadcrumb":{"@id":"https:\/\/nueva.hvdes.com\/nueva\/estudio-radiografico-simple\/#breadcrumb"},"inLanguage":"es","potentialAction":[{"@type":"ReadAction","target":["https:\/\/nueva.hvdes.com\/nueva\/estudio-radiografico-simple\/"]}]},{"@type":"ImageObject","inLanguage":"es","@id":"https:\/\/nueva.hvdes.com\/nueva\/estudio-radiografico-simple\/#primaryimage","url":"https:\/\/nueva.hvdes.com\/nueva\/wp-content\/uploads\/2025\/01\/radiografia-simples-de-mascotas-rayos-x.jpg","contentUrl":"https:\/\/nueva.hvdes.com\/nueva\/wp-content\/uploads\/2025\/01\/radiografia-simples-de-mascotas-rayos-x.jpg","width":740,"height":500,"caption":"radiografia simples de mascotas rayos x para perros y gatos"},{"@type":"BreadcrumbList","@id":"https:\/\/nueva.hvdes.com\/nueva\/estudio-radiografico-simple\/#breadcrumb","itemListElement":[{"@type":"ListItem","position":1,"name":"Portada","item":"https:\/\/nueva.hvdes.com\/nueva\/"},{"@type":"ListItem","position":2,"name":"Estudio Radiogr\u00e1fico Simple"}]},{"@type":"WebSite","@id":"https:\/\/nueva.hvdes.com\/nueva\/#website","url":"https:\/\/nueva.hvdes.com\/nueva\/","name":"Hospital Veterinario Sinai","description":"","publisher":{"@id":"https:\/\/nueva.hvdes.com\/nueva\/#organization"},"potentialAction":[{"@type":"SearchAction","target":{"@type":"EntryPoint","urlTemplate":"https:\/\/nueva.hvdes.com\/nueva\/?s={search_term_string}"},"query-input":{"@type":"PropertyValueSpecification","valueRequired":true,"valueName":"search_term_string"}}],"inLanguage":"es"},{"@type":"Organization","@id":"https:\/\/nueva.hvdes.com\/nueva\/#organization","name":"Hospital Veterinario Sinai","url":"https:\/\/nueva.hvdes.com\/nueva\/","logo":{"@type":"ImageObject","inLanguage":"es","@id":"https:\/\/nueva.hvdes.com\/nueva\/#\/schema\/logo\/image\/","url":"https:\/\/nueva.hvdes.com\/nueva\/wp-content\/uploads\/2024\/02\/LOGO-HVDES-PNG-1.png","contentUrl":"https:\/\/nueva.hvdes.com\/nueva\/wp-content\/uploads\/2024\/02\/LOGO-HVDES-PNG-1.png","width":1920,"height":418,"caption":"Hospital Veterinario Sinai"},"image":{"@id":"https:\/\/nueva.hvdes.com\/nueva\/#\/schema\/logo\/image\/"}}]}},"uagb_featured_image_src":{"full":false,"thumbnail":false,"medium":false,"medium_large":false,"large":false,"1536x1536":false,"2048x2048":false,"woocommerce_thumbnail":false,"woocommerce_single":false,"woocommerce_gallery_thumbnail":false},"uagb_author_info":{"display_name":"adminemiro2024","author_link":"https:\/\/nueva.hvdes.com\/nueva\/author\/adminemiro2024\/"},"uagb_comment_info":0,"uagb_excerpt":"Estudio Radiogr\u00e1fico Simple El estudio radiogr\u00e1fico simple es una herramienta clave en la medicina veterinaria que utiliza rayos X para obtener im\u00e1genes detalladas del interior de tu mascota. Esta t\u00e9cnica permite a nuestros veterinarios ver claramente los huesos y \u00f3rganos internos, facilitando la detecci\u00f3n y el diagn\u00f3stico de una variedad de condiciones de salud. Nos&hellip;","_links":{"self":[{"href":"https:\/\/nueva.hvdes.com\/nueva\/wp-json\/wp\/v2\/pages\/809","targetHints":{"allow":["GET"]}}],"collection":[{"href":"https:\/\/nueva.hvdes.com\/nueva\/wp-json\/wp\/v2\/pages"}],"about":[{"href":"https:\/\/nueva.hvdes.com\/nueva\/wp-json\/wp\/v2\/types\/page"}],"author":[{"embeddable":true,"href":"https:\/\/nueva.hvdes.com\/nueva\/wp-json\/wp\/v2\/users\/1"}],"replies":[{"embeddable":true,"href":"https:\/\/nueva.hvdes.com\/nueva\/wp-json\/wp\/v2\/comments?post=809"}],"version-history":[{"count":34,"href":"https:\/\/nueva.hvdes.com\/nueva\/wp-json\/wp\/v2\/pages\/809\/revisions"}],"predecessor-version":[{"id":2889,"href":"https:\/\/nueva.hvdes.com\/nueva\/wp-json\/wp\/v2\/pages\/809\/revisions\/2889"}],"wp:attachment":[{"href":"https:\/\/nueva.hvdes.com\/nueva\/wp-json\/wp\/v2\/media?parent=809"}],"curies":[{"name":"wp","href":"https:\/\/api.w.org\/{rel}","templated":true}]}}