{"id":1204,"date":"2024-07-25T14:32:49","date_gmt":"2024-07-25T14:32:49","guid":{"rendered":"https:\/\/nueva.hvdes.com\/nueva\/?page_id=1204"},"modified":"2024-09-16T15:19:26","modified_gmt":"2024-09-16T15:19:26","slug":"farmacia-magistral-hvdes","status":"publish","type":"page","link":"https:\/\/nueva.hvdes.com\/nueva\/farmacia-magistral-hvdes\/","title":{"rendered":"Farmacia Magistral Hvdes"},"content":{"rendered":"\t\t<div data-elementor-type=\"wp-page\" data-elementor-id=\"1204\" class=\"elementor elementor-1204\" data-elementor-post-type=\"page\">\n\t\t\t\t<div class=\"elementor-element elementor-element-1983f30d e-flex e-con-boxed e-con e-parent\" data-id=\"1983f30d\" data-element_type=\"container\" data-settings=\"{&quot;background_background&quot;:&quot;classic&quot;}\">\n\t\t\t\t\t<div class=\"e-con-inner\">\n\t\t<div class=\"elementor-element elementor-element-a47a111 e-con-full e-flex e-con e-child\" data-id=\"a47a111\" data-element_type=\"container\">\n\t\t\t\t<div class=\"elementor-element elementor-element-40bb6a39 elementor-widget-tablet__width-inherit elementor-widget__width-initial elementor-invisible elementor-widget elementor-widget-heading\" data-id=\"40bb6a39\" data-element_type=\"widget\" data-settings=\"{&quot;_animation&quot;:&quot;fadeIn&quot;}\" data-widget_type=\"heading.default\">\n\t\t\t\t<div class=\"elementor-widget-container\">\n\t\t\t\t\t<h2 class=\"elementor-heading-title elementor-size-default\">Farmacia Magistral Hvdes<\/h2>\t\t\t\t<\/div>\n\t\t\t\t<\/div>\n\t\t<div class=\"elementor-element elementor-element-684b98b1 e-con-full e-flex e-con e-child\" data-id=\"684b98b1\" data-element_type=\"container\">\n\t\t\t\t<div class=\"elementor-element elementor-element-3fae377a elementor-widget-tablet__width-initial elementor-widget-mobile__width-inherit elementor-widget elementor-widget-text-editor\" data-id=\"3fae377a\" data-element_type=\"widget\" data-widget_type=\"text-editor.default\">\n\t\t\t\t<div class=\"elementor-widget-container\">\n\t\t\t\t\t\t\t\t\t<p>En Farmacia Magistral HVDES, nos especializamos en la elaboraci\u00f3n de medicamentos personalizados y soluciones farmac\u00e9uticas adaptadas a las necesidades individuales de cada paciente. Nuestro equipo de farmac\u00e9uticos expertos trabaja con precisi\u00f3n y dedicaci\u00f3n para crear f\u00f3rmulas \u00fanicas que garantizan la m\u00e1xima eficacia y seguridad<\/p>\t\t\t\t\t\t\t\t<\/div>\n\t\t\t\t<\/div>\n\t\t\t\t<div class=\"elementor-element elementor-element-59b38763 elementor-widget-tablet__width-initial elementor-widget elementor-widget-heading\" data-id=\"59b38763\" data-element_type=\"widget\" data-widget_type=\"heading.default\">\n\t\t\t\t<div class=\"elementor-widget-container\">\n\t\t\t\t\t<h2 class=\"elementor-heading-title elementor-size-default\">Beneficios de la Farmacia Magistral<\/h2>\t\t\t\t<\/div>\n\t\t\t\t<\/div>\n\t\t\t\t<div class=\"elementor-element elementor-element-6209934c elementor-widget-tablet__width-initial elementor-widget-mobile__width-initial elementor-icon-list--layout-traditional elementor-list-item-link-full_width elementor-widget elementor-widget-icon-list\" data-id=\"6209934c\" data-element_type=\"widget\" data-widget_type=\"icon-list.default\">\n\t\t\t\t<div class=\"elementor-widget-container\">\n\t\t\t\t\t\t\t<ul class=\"elementor-icon-list-items\">\n\t\t\t\t\t\t\t<li class=\"elementor-icon-list-item\">\n\t\t\t\t\t\t\t\t\t\t\t<span class=\"elementor-icon-list-icon\">\n\t\t\t\t\t\t\t<svg aria-hidden=\"true\" class=\"e-font-icon-svg e-fas-circle\" viewBox=\"0 0 512 512\" xmlns=\"http:\/\/www.w3.org\/2000\/svg\"><path d=\"M256 8C119 8 8 119 8 256s111 248 248 248 248-111 248-248S393 8 256 8z\"><\/path><\/svg>\t\t\t\t\t\t<\/span>\n\t\t\t\t\t\t\t\t\t\t<span class=\"elementor-icon-list-text\">Dosis Precisa<\/span>\n\t\t\t\t\t\t\t\t\t<\/li>\n\t\t\t\t\t\t\t\t<li class=\"elementor-icon-list-item\">\n\t\t\t\t\t\t\t\t\t\t\t<span class=\"elementor-icon-list-icon\">\n\t\t\t\t\t\t\t<svg aria-hidden=\"true\" class=\"e-font-icon-svg e-fas-circle\" viewBox=\"0 0 512 512\" xmlns=\"http:\/\/www.w3.org\/2000\/svg\"><path d=\"M256 8C119 8 8 119 8 256s111 248 248 248 248-111 248-248S393 8 256 8z\"><\/path><\/svg>\t\t\t\t\t\t<\/span>\n\t\t\t\t\t\t\t\t\t\t<span class=\"elementor-icon-list-text\">Mejora del Cumplimiento<\/span>\n\t\t\t\t\t\t\t\t\t<\/li>\n\t\t\t\t\t\t\t\t<li class=\"elementor-icon-list-item\">\n\t\t\t\t\t\t\t\t\t\t\t<span class=\"elementor-icon-list-icon\">\n\t\t\t\t\t\t\t<svg aria-hidden=\"true\" class=\"e-font-icon-svg e-fas-circle\" viewBox=\"0 0 512 512\" xmlns=\"http:\/\/www.w3.org\/2000\/svg\"><path d=\"M256 8C119 8 8 119 8 256s111 248 248 248 248-111 248-248S393 8 256 8z\"><\/path><\/svg>\t\t\t\t\t\t<\/span>\n\t\t\t\t\t\t\t\t\t\t<span class=\"elementor-icon-list-text\">Soluciones para Medicamentos Dif\u00edciles de Encontrar<\/span>\n\t\t\t\t\t\t\t\t\t<\/li>\n\t\t\t\t\t\t\t\t<li class=\"elementor-icon-list-item\">\n\t\t\t\t\t\t\t\t\t\t\t<span class=\"elementor-icon-list-icon\">\n\t\t\t\t\t\t\t<svg aria-hidden=\"true\" class=\"e-font-icon-svg e-fas-circle\" viewBox=\"0 0 512 512\" xmlns=\"http:\/\/www.w3.org\/2000\/svg\"><path d=\"M256 8C119 8 8 119 8 256s111 248 248 248 248-111 248-248S393 8 256 8z\"><\/path><\/svg>\t\t\t\t\t\t<\/span>\n\t\t\t\t\t\t\t\t\t\t<span class=\"elementor-icon-list-text\">Adaptaci\u00f3n a Necesidades Espec\u00edficas<\/span>\n\t\t\t\t\t\t\t\t\t<\/li>\n\t\t\t\t\t\t<\/ul>\n\t\t\t\t\t\t<\/div>\n\t\t\t\t<\/div>\n\t\t\t\t<\/div>\n\t\t\t\t<\/div>\n\t\t<div class=\"elementor-element elementor-element-9ff3df6 e-con-full e-flex e-con e-child\" data-id=\"9ff3df6\" data-element_type=\"container\">\n\t\t\t\t<div class=\"elementor-element elementor-element-c8f23b3 elementor-arrows-position-inside elementor-pagination-position-outside elementor-widget elementor-widget-image-carousel\" data-id=\"c8f23b3\" data-element_type=\"widget\" data-settings=\"{&quot;slides_to_show&quot;:&quot;1&quot;,&quot;navigation&quot;:&quot;both&quot;,&quot;autoplay&quot;:&quot;yes&quot;,&quot;pause_on_hover&quot;:&quot;yes&quot;,&quot;pause_on_interaction&quot;:&quot;yes&quot;,&quot;autoplay_speed&quot;:5000,&quot;infinite&quot;:&quot;yes&quot;,&quot;effect&quot;:&quot;slide&quot;,&quot;speed&quot;:500}\" data-widget_type=\"image-carousel.default\">\n\t\t\t\t<div class=\"elementor-widget-container\">\n\t\t\t\t\t\t\t<div class=\"elementor-image-carousel-wrapper swiper\" role=\"region\" aria-roledescription=\"carousel\" aria-label=\"Carrusel de im\u00e1genes\" dir=\"ltr\">\n\t\t\t<div class=\"elementor-image-carousel swiper-wrapper\" aria-live=\"off\">\n\t\t\t\t\t\t\t\t<div class=\"swiper-slide\" role=\"group\" aria-roledescription=\"slide\" aria-label=\"1 de 5\"><figure class=\"swiper-slide-inner\"><img decoding=\"async\" class=\"swiper-slide-image\" src=\"https:\/\/nueva.hvdes.com\/nueva\/wp-content\/uploads\/2024\/09\/451441916_122119278386333534_6069087298385983590_n-768x768.jpg\" alt=\"451441916_122119278386333534_6069087298385983590_n\" \/><\/figure><\/div><div class=\"swiper-slide\" role=\"group\" aria-roledescription=\"slide\" aria-label=\"2 de 5\"><figure class=\"swiper-slide-inner\"><img decoding=\"async\" class=\"swiper-slide-image\" src=\"https:\/\/nueva.hvdes.com\/nueva\/wp-content\/uploads\/2024\/09\/451432103_122119278338333534_8885099430379572342_n-768x768.jpg\" alt=\"451432103_122119278338333534_8885099430379572342_n\" \/><\/figure><\/div><div class=\"swiper-slide\" role=\"group\" aria-roledescription=\"slide\" aria-label=\"3 de 5\"><figure class=\"swiper-slide-inner\"><img decoding=\"async\" class=\"swiper-slide-image\" src=\"https:\/\/nueva.hvdes.com\/nueva\/wp-content\/uploads\/2024\/09\/451314170_122119278416333534_4585281044036788890_n-768x768.jpg\" alt=\"451314170_122119278416333534_4585281044036788890_n\" \/><\/figure><\/div><div class=\"swiper-slide\" role=\"group\" aria-roledescription=\"slide\" aria-label=\"4 de 5\"><figure class=\"swiper-slide-inner\"><img decoding=\"async\" class=\"swiper-slide-image\" src=\"https:\/\/nueva.hvdes.com\/nueva\/wp-content\/uploads\/2024\/09\/451173095_122119278380333534_8457025784628463061_n-768x768.jpg\" alt=\"451173095_122119278380333534_8457025784628463061_n\" \/><\/figure><\/div><div class=\"swiper-slide\" role=\"group\" aria-roledescription=\"slide\" aria-label=\"5 de 5\"><figure class=\"swiper-slide-inner\"><img decoding=\"async\" class=\"swiper-slide-image\" src=\"https:\/\/nueva.hvdes.com\/nueva\/wp-content\/uploads\/2024\/09\/451192747_122119538906333534_8943428848796646885_n-768x768.jpg\" alt=\"451192747_122119538906333534_8943428848796646885_n\" \/><\/figure><\/div>\t\t\t<\/div>\n\t\t\t\t\t\t\t\t\t\t\t\t<div class=\"elementor-swiper-button elementor-swiper-button-prev\" role=\"button\" tabindex=\"0\">\n\t\t\t\t\t\t<svg aria-hidden=\"true\" class=\"e-font-icon-svg e-eicon-chevron-left\" viewBox=\"0 0 1000 1000\" xmlns=\"http:\/\/www.w3.org\/2000\/svg\"><path d=\"M646 125C629 125 613 133 604 142L308 442C296 454 292 471 292 487 292 504 296 521 308 533L604 854C617 867 629 875 646 875 663 875 679 871 692 858 704 846 713 829 713 812 713 796 708 779 692 767L438 487 692 225C700 217 708 204 708 187 708 171 704 154 692 142 675 129 663 125 646 125Z\"><\/path><\/svg>\t\t\t\t\t<\/div>\n\t\t\t\t\t<div class=\"elementor-swiper-button elementor-swiper-button-next\" role=\"button\" tabindex=\"0\">\n\t\t\t\t\t\t<svg aria-hidden=\"true\" class=\"e-font-icon-svg e-eicon-chevron-right\" viewBox=\"0 0 1000 1000\" xmlns=\"http:\/\/www.w3.org\/2000\/svg\"><path d=\"M696 533C708 521 713 504 713 487 713 471 708 454 696 446L400 146C388 133 375 125 354 125 338 125 325 129 313 142 300 154 292 171 292 187 292 204 296 221 308 233L563 492 304 771C292 783 288 800 288 817 288 833 296 850 308 863 321 871 338 875 354 875 371 875 388 867 400 854L696 533Z\"><\/path><\/svg>\t\t\t\t\t<\/div>\n\t\t\t\t\n\t\t\t\t\t\t\t\t\t<div class=\"swiper-pagination\"><\/div>\n\t\t\t\t\t\t\t\t\t<\/div>\n\t\t\t\t\t\t<\/div>\n\t\t\t\t<\/div>\n\t\t\t\t<\/div>\n\t\t\t\t\t<\/div>\n\t\t\t\t<\/div>\n\t\t<div class=\"elementor-element elementor-element-b62bab8 e-flex e-con-boxed e-con e-parent\" data-id=\"b62bab8\" data-element_type=\"container\">\n\t\t\t\t\t<div class=\"e-con-inner\">\n\t\t\t\t\t<\/div>\n\t\t\t\t<\/div>\n\t\t\t\t<\/div>\n\t\t","protected":false},"excerpt":{"rendered":"<p>Farmacia Magistral Hvdes En Farmacia Magistral HVDES, nos especializamos en la elaboraci\u00f3n de medicamentos personalizados y soluciones farmac\u00e9uticas adaptadas a las necesidades individuales de cada paciente. Nuestro equipo de farmac\u00e9uticos expertos trabaja con precisi\u00f3n y dedicaci\u00f3n para crear f\u00f3rmulas \u00fanicas que garantizan la m\u00e1xima eficacia y seguridad Beneficios de la Farmacia Magistral Dosis Precisa Mejora [&hellip;]<\/p>\n","protected":false},"author":1,"featured_media":0,"parent":0,"menu_order":0,"comment_status":"closed","ping_status":"closed","template":"","meta":{"_uag_custom_page_level_css":"","site-sidebar-layout":"no-sidebar","site-content-layout":"","ast-site-content-layout":"full-width-container","site-content-style":"default","site-sidebar-style":"default","ast-global-header-display":"","ast-banner-title-visibility":"","ast-main-header-display":"","ast-hfb-above-header-display":"","ast-hfb-below-header-display":"","ast-hfb-mobile-header-display":"","site-post-title":"disabled","ast-breadcrumbs-content":"","ast-featured-img":"disabled","footer-sml-layout":"","theme-transparent-header-meta":"","adv-header-id-meta":"","stick-header-meta":"","header-above-stick-meta":"","header-main-stick-meta":"","header-below-stick-meta":"","astra-migrate-meta-layouts":"default","ast-page-background-enabled":"default","ast-page-background-meta":{"desktop":{"background-color":"var(--ast-global-color-4)","background-image":"","background-repeat":"repeat","background-position":"center center","background-size":"auto","background-attachment":"scroll","background-type":"","background-media":"","overlay-type":"","overlay-color":"","overlay-opacity":"","overlay-gradient":""},"tablet":{"background-color":"","background-image":"","background-repeat":"repeat","background-position":"center center","background-size":"auto","background-attachment":"scroll","background-type":"","background-media":"","overlay-type":"","overlay-color":"","overlay-opacity":"","overlay-gradient":""},"mobile":{"background-color":"","background-image":"","background-repeat":"repeat","background-position":"center center","background-size":"auto","background-attachment":"scroll","background-type":"","background-media":"","overlay-type":"","overlay-color":"","overlay-opacity":"","overlay-gradient":""}},"ast-content-background-meta":{"desktop":{"background-color":"var(--ast-global-color-5)","background-image":"","background-repeat":"repeat","background-position":"center center","background-size":"auto","background-attachment":"scroll","background-type":"","background-media":"","overlay-type":"","overlay-color":"","overlay-opacity":"","overlay-gradient":""},"tablet":{"background-color":"var(--ast-global-color-5)","background-image":"","background-repeat":"repeat","background-position":"center center","background-size":"auto","background-attachment":"scroll","background-type":"","background-media":"","overlay-type":"","overlay-color":"","overlay-opacity":"","overlay-gradient":""},"mobile":{"background-color":"var(--ast-global-color-5)","background-image":"","background-repeat":"repeat","background-position":"center center","background-size":"auto","background-attachment":"scroll","background-type":"","background-media":"","overlay-type":"","overlay-color":"","overlay-opacity":"","overlay-gradient":""}},"footnotes":""},"class_list":["post-1204","page","type-page","status-publish","hentry"],"yoast_head":"<!-- This site is optimized with the Yoast SEO Premium plugin v24.3 (Yoast SEO v24.3) - https:\/\/yoast.com\/wordpress\/plugins\/seo\/ -->\n<title>Farmacia Magistral Hvdes - Hospital Veterinario Sinai<\/title>\n<meta name=\"robots\" content=\"index, follow, max-snippet:-1, max-image-preview:large, max-video-preview:-1\" \/>\n<link rel=\"canonical\" href=\"https:\/\/nueva.hvdes.com\/nueva\/farmacia-magistral-hvdes\/\" \/>\n<meta property=\"og:locale\" content=\"es_ES\" \/>\n<meta property=\"og:type\" content=\"article\" \/>\n<meta property=\"og:title\" content=\"Farmacia Magistral Hvdes\" \/>\n<meta property=\"og:description\" content=\"Farmacia Magistral Hvdes En Farmacia Magistral HVDES, nos especializamos en la elaboraci\u00f3n de medicamentos personalizados y soluciones farmac\u00e9uticas adaptadas a las necesidades individuales de cada paciente. Nuestro equipo de farmac\u00e9uticos expertos trabaja con precisi\u00f3n y dedicaci\u00f3n para crear f\u00f3rmulas \u00fanicas que garantizan la m\u00e1xima eficacia y seguridad Beneficios de la Farmacia Magistral Dosis Precisa Mejora [&hellip;]\" \/>\n<meta property=\"og:url\" content=\"https:\/\/nueva.hvdes.com\/nueva\/farmacia-magistral-hvdes\/\" \/>\n<meta property=\"og:site_name\" content=\"Hospital Veterinario Sinai\" \/>\n<meta property=\"article:modified_time\" content=\"2024-09-16T15:19:26+00:00\" \/>\n<meta property=\"og:image\" content=\"https:\/\/nueva.hvdes.com\/nueva\/wp-content\/uploads\/2024\/09\/451441916_122119278386333534_6069087298385983590_n-768x768.jpg\" \/>\n<meta name=\"twitter:card\" content=\"summary_large_image\" \/>\n<meta name=\"twitter:label1\" content=\"Tiempo de lectura\" \/>\n\t<meta name=\"twitter:data1\" content=\"2 minutos\" \/>\n<script type=\"application\/ld+json\" class=\"yoast-schema-graph\">{\"@context\":\"https:\/\/schema.org\",\"@graph\":[{\"@type\":\"WebPage\",\"@id\":\"https:\/\/nueva.hvdes.com\/nueva\/farmacia-magistral-hvdes\/\",\"url\":\"https:\/\/nueva.hvdes.com\/nueva\/farmacia-magistral-hvdes\/\",\"name\":\"Farmacia Magistral Hvdes - Hospital Veterinario Sinai\",\"isPartOf\":{\"@id\":\"https:\/\/nueva.hvdes.com\/nueva\/#website\"},\"primaryImageOfPage\":{\"@id\":\"https:\/\/nueva.hvdes.com\/nueva\/farmacia-magistral-hvdes\/#primaryimage\"},\"image\":{\"@id\":\"https:\/\/nueva.hvdes.com\/nueva\/farmacia-magistral-hvdes\/#primaryimage\"},\"thumbnailUrl\":\"https:\/\/nueva.hvdes.com\/nueva\/wp-content\/uploads\/2024\/09\/451441916_122119278386333534_6069087298385983590_n-768x768.jpg\",\"datePublished\":\"2024-07-25T14:32:49+00:00\",\"dateModified\":\"2024-09-16T15:19:26+00:00\",\"breadcrumb\":{\"@id\":\"https:\/\/nueva.hvdes.com\/nueva\/farmacia-magistral-hvdes\/#breadcrumb\"},\"inLanguage\":\"es\",\"potentialAction\":[{\"@type\":\"ReadAction\",\"target\":[\"https:\/\/nueva.hvdes.com\/nueva\/farmacia-magistral-hvdes\/\"]}]},{\"@type\":\"ImageObject\",\"inLanguage\":\"es\",\"@id\":\"https:\/\/nueva.hvdes.com\/nueva\/farmacia-magistral-hvdes\/#primaryimage\",\"url\":\"https:\/\/nueva.hvdes.com\/nueva\/wp-content\/uploads\/2024\/09\/451441916_122119278386333534_6069087298385983590_n.jpg\",\"contentUrl\":\"https:\/\/nueva.hvdes.com\/nueva\/wp-content\/uploads\/2024\/09\/451441916_122119278386333534_6069087298385983590_n.jpg\",\"width\":850,\"height\":850},{\"@type\":\"BreadcrumbList\",\"@id\":\"https:\/\/nueva.hvdes.com\/nueva\/farmacia-magistral-hvdes\/#breadcrumb\",\"itemListElement\":[{\"@type\":\"ListItem\",\"position\":1,\"name\":\"Portada\",\"item\":\"https:\/\/nueva.hvdes.com\/nueva\/\"},{\"@type\":\"ListItem\",\"position\":2,\"name\":\"Farmacia Magistral Hvdes\"}]},{\"@type\":\"WebSite\",\"@id\":\"https:\/\/nueva.hvdes.com\/nueva\/#website\",\"url\":\"https:\/\/nueva.hvdes.com\/nueva\/\",\"name\":\"Hospital Veterinario Sinai\",\"description\":\"\",\"publisher\":{\"@id\":\"https:\/\/nueva.hvdes.com\/nueva\/#organization\"},\"potentialAction\":[{\"@type\":\"SearchAction\",\"target\":{\"@type\":\"EntryPoint\",\"urlTemplate\":\"https:\/\/nueva.hvdes.com\/nueva\/?s={search_term_string}\"},\"query-input\":{\"@type\":\"PropertyValueSpecification\",\"valueRequired\":true,\"valueName\":\"search_term_string\"}}],\"inLanguage\":\"es\"},{\"@type\":\"Organization\",\"@id\":\"https:\/\/nueva.hvdes.com\/nueva\/#organization\",\"name\":\"Hospital Veterinario Sinai\",\"url\":\"https:\/\/nueva.hvdes.com\/nueva\/\",\"logo\":{\"@type\":\"ImageObject\",\"inLanguage\":\"es\",\"@id\":\"https:\/\/nueva.hvdes.com\/nueva\/#\/schema\/logo\/image\/\",\"url\":\"https:\/\/nueva.hvdes.com\/nueva\/wp-content\/uploads\/2024\/02\/LOGO-HVDES-PNG-1.png\",\"contentUrl\":\"https:\/\/nueva.hvdes.com\/nueva\/wp-content\/uploads\/2024\/02\/LOGO-HVDES-PNG-1.png\",\"width\":1920,\"height\":418,\"caption\":\"Hospital Veterinario Sinai\"},\"image\":{\"@id\":\"https:\/\/nueva.hvdes.com\/nueva\/#\/schema\/logo\/image\/\"}}]}<\/script>\n<!-- \/ Yoast SEO Premium plugin. -->","yoast_head_json":{"title":"Farmacia Magistral Hvdes - Hospital Veterinario Sinai","robots":{"index":"index","follow":"follow","max-snippet":"max-snippet:-1","max-image-preview":"max-image-preview:large","max-video-preview":"max-video-preview:-1"},"canonical":"https:\/\/nueva.hvdes.com\/nueva\/farmacia-magistral-hvdes\/","og_locale":"es_ES","og_type":"article","og_title":"Farmacia Magistral Hvdes","og_description":"Farmacia Magistral Hvdes En Farmacia Magistral HVDES, nos especializamos en la elaboraci\u00f3n de medicamentos personalizados y soluciones farmac\u00e9uticas adaptadas a las necesidades individuales de cada paciente. Nuestro equipo de farmac\u00e9uticos expertos trabaja con precisi\u00f3n y dedicaci\u00f3n para crear f\u00f3rmulas \u00fanicas que garantizan la m\u00e1xima eficacia y seguridad Beneficios de la Farmacia Magistral Dosis Precisa Mejora [&hellip;]","og_url":"https:\/\/nueva.hvdes.com\/nueva\/farmacia-magistral-hvdes\/","og_site_name":"Hospital Veterinario Sinai","article_modified_time":"2024-09-16T15:19:26+00:00","og_image":[{"url":"https:\/\/nueva.hvdes.com\/nueva\/wp-content\/uploads\/2024\/09\/451441916_122119278386333534_6069087298385983590_n-768x768.jpg","type":"","width":"","height":""}],"twitter_card":"summary_large_image","twitter_misc":{"Tiempo de lectura":"2 minutos"},"schema":{"@context":"https:\/\/schema.org","@graph":[{"@type":"WebPage","@id":"https:\/\/nueva.hvdes.com\/nueva\/farmacia-magistral-hvdes\/","url":"https:\/\/nueva.hvdes.com\/nueva\/farmacia-magistral-hvdes\/","name":"Farmacia Magistral Hvdes - Hospital Veterinario Sinai","isPartOf":{"@id":"https:\/\/nueva.hvdes.com\/nueva\/#website"},"primaryImageOfPage":{"@id":"https:\/\/nueva.hvdes.com\/nueva\/farmacia-magistral-hvdes\/#primaryimage"},"image":{"@id":"https:\/\/nueva.hvdes.com\/nueva\/farmacia-magistral-hvdes\/#primaryimage"},"thumbnailUrl":"https:\/\/nueva.hvdes.com\/nueva\/wp-content\/uploads\/2024\/09\/451441916_122119278386333534_6069087298385983590_n-768x768.jpg","datePublished":"2024-07-25T14:32:49+00:00","dateModified":"2024-09-16T15:19:26+00:00","breadcrumb":{"@id":"https:\/\/nueva.hvdes.com\/nueva\/farmacia-magistral-hvdes\/#breadcrumb"},"inLanguage":"es","potentialAction":[{"@type":"ReadAction","target":["https:\/\/nueva.hvdes.com\/nueva\/farmacia-magistral-hvdes\/"]}]},{"@type":"ImageObject","inLanguage":"es","@id":"https:\/\/nueva.hvdes.com\/nueva\/farmacia-magistral-hvdes\/#primaryimage","url":"https:\/\/nueva.hvdes.com\/nueva\/wp-content\/uploads\/2024\/09\/451441916_122119278386333534_6069087298385983590_n.jpg","contentUrl":"https:\/\/nueva.hvdes.com\/nueva\/wp-content\/uploads\/2024\/09\/451441916_122119278386333534_6069087298385983590_n.jpg","width":850,"height":850},{"@type":"BreadcrumbList","@id":"https:\/\/nueva.hvdes.com\/nueva\/farmacia-magistral-hvdes\/#breadcrumb","itemListElement":[{"@type":"ListItem","position":1,"name":"Portada","item":"https:\/\/nueva.hvdes.com\/nueva\/"},{"@type":"ListItem","position":2,"name":"Farmacia Magistral Hvdes"}]},{"@type":"WebSite","@id":"https:\/\/nueva.hvdes.com\/nueva\/#website","url":"https:\/\/nueva.hvdes.com\/nueva\/","name":"Hospital Veterinario Sinai","description":"","publisher":{"@id":"https:\/\/nueva.hvdes.com\/nueva\/#organization"},"potentialAction":[{"@type":"SearchAction","target":{"@type":"EntryPoint","urlTemplate":"https:\/\/nueva.hvdes.com\/nueva\/?s={search_term_string}"},"query-input":{"@type":"PropertyValueSpecification","valueRequired":true,"valueName":"search_term_string"}}],"inLanguage":"es"},{"@type":"Organization","@id":"https:\/\/nueva.hvdes.com\/nueva\/#organization","name":"Hospital Veterinario Sinai","url":"https:\/\/nueva.hvdes.com\/nueva\/","logo":{"@type":"ImageObject","inLanguage":"es","@id":"https:\/\/nueva.hvdes.com\/nueva\/#\/schema\/logo\/image\/","url":"https:\/\/nueva.hvdes.com\/nueva\/wp-content\/uploads\/2024\/02\/LOGO-HVDES-PNG-1.png","contentUrl":"https:\/\/nueva.hvdes.com\/nueva\/wp-content\/uploads\/2024\/02\/LOGO-HVDES-PNG-1.png","width":1920,"height":418,"caption":"Hospital Veterinario Sinai"},"image":{"@id":"https:\/\/nueva.hvdes.com\/nueva\/#\/schema\/logo\/image\/"}}]}},"uagb_featured_image_src":{"full":false,"thumbnail":false,"medium":false,"medium_large":false,"large":false,"1536x1536":false,"2048x2048":false,"woocommerce_thumbnail":false,"woocommerce_single":false,"woocommerce_gallery_thumbnail":false},"uagb_author_info":{"display_name":"adminemiro2024","author_link":"https:\/\/nueva.hvdes.com\/nueva\/author\/adminemiro2024\/"},"uagb_comment_info":0,"uagb_excerpt":"Farmacia Magistral Hvdes En Farmacia Magistral HVDES, nos especializamos en la elaboraci\u00f3n de medicamentos personalizados y soluciones farmac\u00e9uticas adaptadas a las necesidades individuales de cada paciente. Nuestro equipo de farmac\u00e9uticos expertos trabaja con precisi\u00f3n y dedicaci\u00f3n para crear f\u00f3rmulas \u00fanicas que garantizan la m\u00e1xima eficacia y seguridad Beneficios de la Farmacia Magistral Dosis Precisa Mejora&hellip;","_links":{"self":[{"href":"https:\/\/nueva.hvdes.com\/nueva\/wp-json\/wp\/v2\/pages\/1204","targetHints":{"allow":["GET"]}}],"collection":[{"href":"https:\/\/nueva.hvdes.com\/nueva\/wp-json\/wp\/v2\/pages"}],"about":[{"href":"https:\/\/nueva.hvdes.com\/nueva\/wp-json\/wp\/v2\/types\/page"}],"author":[{"embeddable":true,"href":"https:\/\/nueva.hvdes.com\/nueva\/wp-json\/wp\/v2\/users\/1"}],"replies":[{"embeddable":true,"href":"https:\/\/nueva.hvdes.com\/nueva\/wp-json\/wp\/v2\/comments?post=1204"}],"version-history":[{"count":26,"href":"https:\/\/nueva.hvdes.com\/nueva\/wp-json\/wp\/v2\/pages\/1204\/revisions"}],"predecessor-version":[{"id":2365,"href":"https:\/\/nueva.hvdes.com\/nueva\/wp-json\/wp\/v2\/pages\/1204\/revisions\/2365"}],"wp:attachment":[{"href":"https:\/\/nueva.hvdes.com\/nueva\/wp-json\/wp\/v2\/media?parent=1204"}],"curies":[{"name":"wp","href":"https:\/\/api.w.org\/{rel}","templated":true}]}}